{"id":97144,"date":"2025-02-27T17:34:11","date_gmt":"2025-02-27T20:34:11","guid":{"rendered":"https:\/\/vicosalta.com.ar\/?product=lamina-adhesiva-stitch-8"},"modified":"2025-08-12T13:33:56","modified_gmt":"2025-08-12T16:33:56","slug":"lamina-adhesiva-stitch-8","status":"publish","type":"product","link":"https:\/\/vicosalta.com.ar\/?product=lamina-adhesiva-stitch-8","title":{"rendered":"LAMINA ADHESIVA STITCH (8)"},"content":{"rendered":"","protected":false},"excerpt":{"rendered":"<p>L\u00e1minas adhesivas &#8211; stickers de alta calidad y gran resistencia. Cada plancha incluye entre 5 y 9 dise\u00f1os diferentes, y se vende completa. Son perfectas para personalizar cuadernos, termos, celulares y m\u00e1s, agregando un toque \u00fanico y duradero.<\/p>\n","protected":false},"featured_media":97041,"comment_status":"open","ping_status":"closed","template":"","meta":[],"product_brand":[],"product_cat":[5105],"product_tag":[],"class_list":{"0":"post-97144","1":"product","2":"type-product","3":"status-publish","4":"has-post-thumbnail","6":"product_cat-dibujos-animados-lamina-adhesiva","8":"first","9":"instock","10":"shipping-taxable","11":"purchasable","12":"product-type-simple"},"_links":{"self":[{"href":"https:\/\/vicosalta.com.ar\/index.php?rest_route=\/wp\/v2\/product\/97144","targetHints":{"allow":["GET"]}}],"collection":[{"href":"https:\/\/vicosalta.com.ar\/index.php?rest_route=\/wp\/v2\/product"}],"about":[{"href":"https:\/\/vicosalta.com.ar\/index.php?rest_route=\/wp\/v2\/types\/product"}],"replies":[{"embeddable":true,"href":"https:\/\/vicosalta.com.ar\/index.php?rest_route=%2Fwp%2Fv2%2Fcomments&post=97144"}],"version-history":[{"count":0,"href":"https:\/\/vicosalta.com.ar\/index.php?rest_route=\/wp\/v2\/product\/97144\/revisions"}],"wp:featuredmedia":[{"embeddable":true,"href":"https:\/\/vicosalta.com.ar\/index.php?rest_route=\/wp\/v2\/media\/97041"}],"wp:attachment":[{"href":"https:\/\/vicosalta.com.ar\/index.php?rest_route=%2Fwp%2Fv2%2Fmedia&parent=97144"}],"wp:term":[{"taxonomy":"product_brand","embeddable":true,"href":"https:\/\/vicosalta.com.ar\/index.php?rest_route=%2Fwp%2Fv2%2Fproduct_brand&post=97144"},{"taxonomy":"product_cat","embeddable":true,"href":"https:\/\/vicosalta.com.ar\/index.php?rest_route=%2Fwp%2Fv2%2Fproduct_cat&post=97144"},{"taxonomy":"product_tag","embeddable":true,"href":"https:\/\/vicosalta.com.ar\/index.php?rest_route=%2Fwp%2Fv2%2Fproduct_tag&post=97144"}],"curies":[{"name":"wp","href":"https:\/\/api.w.org\/{rel}","templated":true}]}}