{"id":97108,"date":"2025-02-27T17:33:58","date_gmt":"2025-02-27T20:33:58","guid":{"rendered":"https:\/\/vicosalta.com.ar\/?product=lamina-adhesiva-flores-11"},"modified":"2025-08-12T13:33:54","modified_gmt":"2025-08-12T16:33:54","slug":"lamina-adhesiva-flores-11","status":"publish","type":"product","link":"https:\/\/vicosalta.com.ar\/?product=lamina-adhesiva-flores-11","title":{"rendered":"LAMINA ADHESIVA FLORES (11)"},"content":{"rendered":"","protected":false},"excerpt":{"rendered":"<p>L\u00e1minas adhesivas &#8211; stickers de alta calidad y gran resistencia. Cada plancha incluye entre 5 y 9 dise\u00f1os diferentes, y se vende completa. Son perfectas para personalizar cuadernos, termos, celulares y m\u00e1s, agregando un toque \u00fanico y duradero.<\/p>\n","protected":false},"featured_media":97017,"comment_status":"open","ping_status":"closed","template":"","meta":[],"product_brand":[],"product_cat":[5106],"product_tag":[],"class_list":{"0":"post-97108","1":"product","2":"type-product","3":"status-publish","4":"has-post-thumbnail","6":"product_cat-flores-lamina-adhesiva","8":"first","9":"instock","10":"shipping-taxable","11":"purchasable","12":"product-type-simple"},"_links":{"self":[{"href":"https:\/\/vicosalta.com.ar\/index.php?rest_route=\/wp\/v2\/product\/97108","targetHints":{"allow":["GET"]}}],"collection":[{"href":"https:\/\/vicosalta.com.ar\/index.php?rest_route=\/wp\/v2\/product"}],"about":[{"href":"https:\/\/vicosalta.com.ar\/index.php?rest_route=\/wp\/v2\/types\/product"}],"replies":[{"embeddable":true,"href":"https:\/\/vicosalta.com.ar\/index.php?rest_route=%2Fwp%2Fv2%2Fcomments&post=97108"}],"version-history":[{"count":0,"href":"https:\/\/vicosalta.com.ar\/index.php?rest_route=\/wp\/v2\/product\/97108\/revisions"}],"wp:featuredmedia":[{"embeddable":true,"href":"https:\/\/vicosalta.com.ar\/index.php?rest_route=\/wp\/v2\/media\/97017"}],"wp:attachment":[{"href":"https:\/\/vicosalta.com.ar\/index.php?rest_route=%2Fwp%2Fv2%2Fmedia&parent=97108"}],"wp:term":[{"taxonomy":"product_brand","embeddable":true,"href":"https:\/\/vicosalta.com.ar\/index.php?rest_route=%2Fwp%2Fv2%2Fproduct_brand&post=97108"},{"taxonomy":"product_cat","embeddable":true,"href":"https:\/\/vicosalta.com.ar\/index.php?rest_route=%2Fwp%2Fv2%2Fproduct_cat&post=97108"},{"taxonomy":"product_tag","embeddable":true,"href":"https:\/\/vicosalta.com.ar\/index.php?rest_route=%2Fwp%2Fv2%2Fproduct_tag&post=97108"}],"curies":[{"name":"wp","href":"https:\/\/api.w.org\/{rel}","templated":true}]}}