{"id":96853,"date":"2025-02-15T11:35:19","date_gmt":"2025-02-15T14:35:19","guid":{"rendered":"https:\/\/vicosalta.com.ar\/?product=kit-de-prensatelas-familiar"},"modified":"2025-12-06T11:55:52","modified_gmt":"2025-12-06T14:55:52","slug":"kit-de-prensatelas-familiar","status":"publish","type":"product","link":"https:\/\/vicosalta.com.ar\/?product=kit-de-prensatelas-familiar","title":{"rendered":"KIT DE PRENSATELAS FAMILIAR (32 PIEZAS)"},"content":{"rendered":"<p>Te presentamos este pr\u00e1ctico kit de prensatelas para m\u00e1quinas familiares compatible con m\u00e1quinas Brother, Singer, Janome, Alfa y m\u00e1s. El kit incluye:<\/p>\n<p>Fringe Foot \/ Prensatelas para Flecos.<br \/>\nCording Foot \/ Prensatela para Cordones.<br \/>\nBraiding Foot \/ Prensatela para Trenzado.<br \/>\nPearl Piping Cording Foot \/ Prensatelas para cordones con ribete de perlas.<br \/>\n9 Grooves Pintuck Foot \/ Prensatelas de 9 ranuras.<br \/>\n7 Grooves Pintuck Foot \/ Prensatelas de 7 ranuras.<br \/>\nConcealed Zip Foot \/ Prensatelas con cremallera oculta.<br \/>\n5 Hole Cording Foot \/ Prensatelas para cordones de 5 agujeros.<br \/>\n6mm Round Rolled Hem Foot \/ Prensatelas para dobladillo redondo enrollado de 6mm.<br \/>\nTeflon Snap on Foot \/ Prensatelas de Tefl\u00f3n.<br \/>\nOpen Toe Embroidery Foot \/ Prensatelas para bordado con punta abierta.<br \/>\nOpen Toe Foot \/ Prensatelas abierto.<br \/>\nCording Foot \/ Prensatelas para cord\u00f3n.<br \/>\nSnap on 1\/4&#8243; Metal Patchwork Quilting Foot \/ Prensatelas para acolchado de Patchwork de metal 1\/4&#8243; a presi\u00f3n.<br \/>\nStraight Stitch Foot \/ Prensatelas para puntada recta.<br \/>\n1\/4&#8243; Piecing Foot Guide \/ Prensatelas 1\/4&#8243; gu\u00eda para piezas.<br \/>\nFor Edge Stitch Foot \/ Prensatelas para falso overlock.<br \/>\nSatin Stitch Foot \/ Prensatelas para puntadas de Saten.<br \/>\n7 Hole Cording Foot \/ Prensatelas para cordones de 7 agujeros.<br \/>\nPatchwork for edge Joining Stitch Foot \/ Prensatelas para Patchwork para union de bordes.<br \/>\nGuide Stitch Foot \/ Prensatelas para puntadas gu\u00eda.<br \/>\nBlind Hem Foot \/ Prensatelas para dobladillo invisible.<br \/>\nGathering Welting Foot \/ Prensatelas para fruncido.<br \/>\n2mm Rolled Hem Foot \/ Prensatelas para dobladillos de 2mm.<br \/>\n6mm Rolled Hem Foot \/ Prensatelas para dobladillos de 6mm.<br \/>\n3mm Round Rolled Hem Foot \/ Prensatelas para dobladillos de 3mm.<br \/>\nRoller Foot \/ Prensatelas de rodillo.<br \/>\nEmbroidery Darning Foot \/ Prensatelas de bordado.<br \/>\nAdjustable Bias Binder Foot \/ Prensatelas regulable para Bies.<br \/>\nQuilting Darning Embroidery Foot \/ Prensatelas para zurcir acolchado.<br \/>\nAdjustable Zip Foot \/ Prensatelas de cremallera ajustable.<br \/>\nKnit foot \/Prensatela de punto.<\/p>\n","protected":false},"excerpt":{"rendered":"<p>Te presentamos este pr\u00e1ctico kit de prensatelas para m\u00e1quinas familiares compatible con m\u00e1quinas Brother, Singer, Janome, Alfa y m\u00e1s. El kit incluye: Fringe Foot \/ Prensatelas para Flecos. Cording Foot \/ Prensatela para Cordones. Braiding Foot \/ Prensatela para Trenzado. Pearl Piping Cording Foot \/ Prensatelas para cordones con ribete de perlas. 9 Grooves Pintuck [&hellip;]<\/p>\n","protected":false},"featured_media":113662,"comment_status":"open","ping_status":"closed","template":"","meta":[],"product_brand":[],"product_cat":[4740],"product_tag":[],"class_list":{"0":"post-96853","1":"product","2":"type-product","3":"status-publish","4":"has-post-thumbnail","6":"product_cat-prensatela-familiar-acc-familiar","8":"first","9":"instock","10":"shipping-taxable","11":"purchasable","12":"product-type-simple"},"_links":{"self":[{"href":"https:\/\/vicosalta.com.ar\/index.php?rest_route=\/wp\/v2\/product\/96853","targetHints":{"allow":["GET"]}}],"collection":[{"href":"https:\/\/vicosalta.com.ar\/index.php?rest_route=\/wp\/v2\/product"}],"about":[{"href":"https:\/\/vicosalta.com.ar\/index.php?rest_route=\/wp\/v2\/types\/product"}],"replies":[{"embeddable":true,"href":"https:\/\/vicosalta.com.ar\/index.php?rest_route=%2Fwp%2Fv2%2Fcomments&post=96853"}],"version-history":[{"count":6,"href":"https:\/\/vicosalta.com.ar\/index.php?rest_route=\/wp\/v2\/product\/96853\/revisions"}],"predecessor-version":[{"id":114461,"href":"https:\/\/vicosalta.com.ar\/index.php?rest_route=\/wp\/v2\/product\/96853\/revisions\/114461"}],"wp:featuredmedia":[{"embeddable":true,"href":"https:\/\/vicosalta.com.ar\/index.php?rest_route=\/wp\/v2\/media\/113662"}],"wp:attachment":[{"href":"https:\/\/vicosalta.com.ar\/index.php?rest_route=%2Fwp%2Fv2%2Fmedia&parent=96853"}],"wp:term":[{"taxonomy":"product_brand","embeddable":true,"href":"https:\/\/vicosalta.com.ar\/index.php?rest_route=%2Fwp%2Fv2%2Fproduct_brand&post=96853"},{"taxonomy":"product_cat","embeddable":true,"href":"https:\/\/vicosalta.com.ar\/index.php?rest_route=%2Fwp%2Fv2%2Fproduct_cat&post=96853"},{"taxonomy":"product_tag","embeddable":true,"href":"https:\/\/vicosalta.com.ar\/index.php?rest_route=%2Fwp%2Fv2%2Fproduct_tag&post=96853"}],"curies":[{"name":"wp","href":"https:\/\/api.w.org\/{rel}","templated":true}]}}