{"id":95989,"date":"2025-02-05T07:39:05","date_gmt":"2025-02-05T10:39:05","guid":{"rendered":"https:\/\/vicosalta.com.ar\/?product=caja-de-hilo-para-bordar"},"modified":"2026-02-04T13:53:31","modified_gmt":"2026-02-04T16:53:31","slug":"caja-de-hilo-para-bordar","status":"publish","type":"product","link":"https:\/\/vicosalta.com.ar\/?product=caja-de-hilo-para-bordar","title":{"rendered":"CAJA DE HILO PARA BORDAR A MANO"},"content":{"rendered":"","protected":false},"excerpt":{"rendered":"<p><strong>KIT DE HILOS PARA BORDADO<\/strong><br \/>\nSet de 72 hilos en una amplia variedad de colores, perfectos para bordar a mano con la aguja m\u00e1gica y el bastidor. Cada hilo mide 8 metros, ideal para crear dise\u00f1os con texturas y detalles \u00fanicos. \u00a1Todo lo que necesitas para dar vida a tus bordados!<\/p>\n","protected":false},"featured_media":95973,"comment_status":"open","ping_status":"closed","template":"","meta":[],"product_brand":[],"product_cat":[4547],"product_tag":[5007,5063],"class_list":{"0":"post-95989","1":"product","2":"type-product","3":"status-publish","4":"has-post-thumbnail","6":"product_cat-accesorios-de-costura","7":"product_tag-ingresos","8":"product_tag-kit-de-bordado","10":"first","11":"instock","12":"shipping-taxable","13":"purchasable","14":"product-type-simple"},"_links":{"self":[{"href":"https:\/\/vicosalta.com.ar\/index.php?rest_route=\/wp\/v2\/product\/95989","targetHints":{"allow":["GET"]}}],"collection":[{"href":"https:\/\/vicosalta.com.ar\/index.php?rest_route=\/wp\/v2\/product"}],"about":[{"href":"https:\/\/vicosalta.com.ar\/index.php?rest_route=\/wp\/v2\/types\/product"}],"replies":[{"embeddable":true,"href":"https:\/\/vicosalta.com.ar\/index.php?rest_route=%2Fwp%2Fv2%2Fcomments&post=95989"}],"version-history":[{"count":4,"href":"https:\/\/vicosalta.com.ar\/index.php?rest_route=\/wp\/v2\/product\/95989\/revisions"}],"predecessor-version":[{"id":123077,"href":"https:\/\/vicosalta.com.ar\/index.php?rest_route=\/wp\/v2\/product\/95989\/revisions\/123077"}],"wp:featuredmedia":[{"embeddable":true,"href":"https:\/\/vicosalta.com.ar\/index.php?rest_route=\/wp\/v2\/media\/95973"}],"wp:attachment":[{"href":"https:\/\/vicosalta.com.ar\/index.php?rest_route=%2Fwp%2Fv2%2Fmedia&parent=95989"}],"wp:term":[{"taxonomy":"product_brand","embeddable":true,"href":"https:\/\/vicosalta.com.ar\/index.php?rest_route=%2Fwp%2Fv2%2Fproduct_brand&post=95989"},{"taxonomy":"product_cat","embeddable":true,"href":"https:\/\/vicosalta.com.ar\/index.php?rest_route=%2Fwp%2Fv2%2Fproduct_cat&post=95989"},{"taxonomy":"product_tag","embeddable":true,"href":"https:\/\/vicosalta.com.ar\/index.php?rest_route=%2Fwp%2Fv2%2Fproduct_tag&post=95989"}],"curies":[{"name":"wp","href":"https:\/\/api.w.org\/{rel}","templated":true}]}}