{"id":90436,"date":"2024-12-06T16:11:06","date_gmt":"2024-12-06T19:11:06","guid":{"rendered":"https:\/\/vicosalta.com.ar\/?product=master-talabartera-canon-arrastre-simple-motorabajo-ga5-1"},"modified":"2026-01-07T11:44:34","modified_gmt":"2026-01-07T14:44:34","slug":"master-talabartera-canon-arrastre-simple-motorabajo-ga5-1","status":"publish","type":"product","link":"https:\/\/vicosalta.com.ar\/?product=master-talabartera-canon-arrastre-simple-motorabajo-ga5-1","title":{"rendered":"MASTER TALABARTERA CA\u00d1ON ARRASTRE SIMPLE MOTORABAJO &#8211; GA5-1"},"content":{"rendered":"<p>El precio incluye el servicio de armado de la m\u00e1quina para su retiro directo en el local. Sin embargo, el costo del env\u00edo no est\u00e1 incluido y ser\u00e1 responsabilidad del cliente gestionarlo por separado<\/p>\n","protected":false},"excerpt":{"rendered":"<p>El precio incluye el servicio de armado de la m\u00e1quina para su retiro directo en el local. Sin embargo, el costo del env\u00edo no est\u00e1 incluido y ser\u00e1 responsabilidad del cliente gestionarlo por separado<\/p>\n","protected":false},"featured_media":90249,"comment_status":"open","ping_status":"closed","template":"","meta":[],"product_brand":[],"product_cat":[4616],"product_tag":[],"class_list":{"0":"post-90436","1":"product","2":"type-product","3":"status-publish","4":"has-post-thumbnail","6":"product_cat-typical-maq-ind-especiales","8":"first","9":"instock","10":"sale","11":"shipping-taxable","12":"purchasable","13":"product-type-simple"},"_links":{"self":[{"href":"https:\/\/vicosalta.com.ar\/index.php?rest_route=\/wp\/v2\/product\/90436","targetHints":{"allow":["GET"]}}],"collection":[{"href":"https:\/\/vicosalta.com.ar\/index.php?rest_route=\/wp\/v2\/product"}],"about":[{"href":"https:\/\/vicosalta.com.ar\/index.php?rest_route=\/wp\/v2\/types\/product"}],"replies":[{"embeddable":true,"href":"https:\/\/vicosalta.com.ar\/index.php?rest_route=%2Fwp%2Fv2%2Fcomments&post=90436"}],"version-history":[{"count":4,"href":"https:\/\/vicosalta.com.ar\/index.php?rest_route=\/wp\/v2\/product\/90436\/revisions"}],"predecessor-version":[{"id":126662,"href":"https:\/\/vicosalta.com.ar\/index.php?rest_route=\/wp\/v2\/product\/90436\/revisions\/126662"}],"wp:featuredmedia":[{"embeddable":true,"href":"https:\/\/vicosalta.com.ar\/index.php?rest_route=\/wp\/v2\/media\/90249"}],"wp:attachment":[{"href":"https:\/\/vicosalta.com.ar\/index.php?rest_route=%2Fwp%2Fv2%2Fmedia&parent=90436"}],"wp:term":[{"taxonomy":"product_brand","embeddable":true,"href":"https:\/\/vicosalta.com.ar\/index.php?rest_route=%2Fwp%2Fv2%2Fproduct_brand&post=90436"},{"taxonomy":"product_cat","embeddable":true,"href":"https:\/\/vicosalta.com.ar\/index.php?rest_route=%2Fwp%2Fv2%2Fproduct_cat&post=90436"},{"taxonomy":"product_tag","embeddable":true,"href":"https:\/\/vicosalta.com.ar\/index.php?rest_route=%2Fwp%2Fv2%2Fproduct_tag&post=90436"}],"curies":[{"name":"wp","href":"https:\/\/api.w.org\/{rel}","templated":true}]}}