{"id":90435,"date":"2024-12-06T16:11:06","date_gmt":"2024-12-06T19:11:06","guid":{"rendered":"https:\/\/vicosalta.com.ar\/?product=shanggong-aparadora-canon-ga3-1"},"modified":"2026-01-07T11:44:34","modified_gmt":"2026-01-07T14:44:34","slug":"shanggong-aparadora-canon-ga3-1","status":"publish","type":"product","link":"https:\/\/vicosalta.com.ar\/?product=shanggong-aparadora-canon-ga3-1","title":{"rendered":"SHANGGONG APARADORA CA\u00d1ON &#8211; GA3-1"},"content":{"rendered":"<p>El precio incluye el servicio de armado de la m\u00e1quina para su retiro directo en el local. Sin embargo, el costo del env\u00edo no est\u00e1 incluido y ser\u00e1 responsabilidad del cliente gestionarlo por separado<\/p>\n","protected":false},"excerpt":{"rendered":"<p>El precio incluye el servicio de armado de la m\u00e1quina para su retiro directo en el local. Sin embargo, el costo del env\u00edo no est\u00e1 incluido y ser\u00e1 responsabilidad del cliente gestionarlo por separado<\/p>\n","protected":false},"featured_media":90389,"comment_status":"open","ping_status":"closed","template":"","meta":[],"product_brand":[],"product_cat":[4616],"product_tag":[5195],"class_list":{"0":"post-90435","1":"product","2":"type-product","3":"status-publish","4":"has-post-thumbnail","6":"product_cat-typical-maq-ind-especiales","7":"product_tag-mega-promo","9":"first","10":"instock","11":"sale","12":"shipping-taxable","13":"purchasable","14":"product-type-simple"},"_links":{"self":[{"href":"https:\/\/vicosalta.com.ar\/index.php?rest_route=\/wp\/v2\/product\/90435","targetHints":{"allow":["GET"]}}],"collection":[{"href":"https:\/\/vicosalta.com.ar\/index.php?rest_route=\/wp\/v2\/product"}],"about":[{"href":"https:\/\/vicosalta.com.ar\/index.php?rest_route=\/wp\/v2\/types\/product"}],"replies":[{"embeddable":true,"href":"https:\/\/vicosalta.com.ar\/index.php?rest_route=%2Fwp%2Fv2%2Fcomments&post=90435"}],"version-history":[{"count":4,"href":"https:\/\/vicosalta.com.ar\/index.php?rest_route=\/wp\/v2\/product\/90435\/revisions"}],"predecessor-version":[{"id":126661,"href":"https:\/\/vicosalta.com.ar\/index.php?rest_route=\/wp\/v2\/product\/90435\/revisions\/126661"}],"wp:featuredmedia":[{"embeddable":true,"href":"https:\/\/vicosalta.com.ar\/index.php?rest_route=\/wp\/v2\/media\/90389"}],"wp:attachment":[{"href":"https:\/\/vicosalta.com.ar\/index.php?rest_route=%2Fwp%2Fv2%2Fmedia&parent=90435"}],"wp:term":[{"taxonomy":"product_brand","embeddable":true,"href":"https:\/\/vicosalta.com.ar\/index.php?rest_route=%2Fwp%2Fv2%2Fproduct_brand&post=90435"},{"taxonomy":"product_cat","embeddable":true,"href":"https:\/\/vicosalta.com.ar\/index.php?rest_route=%2Fwp%2Fv2%2Fproduct_cat&post=90435"},{"taxonomy":"product_tag","embeddable":true,"href":"https:\/\/vicosalta.com.ar\/index.php?rest_route=%2Fwp%2Fv2%2Fproduct_tag&post=90435"}],"curies":[{"name":"wp","href":"https:\/\/api.w.org\/{rel}","templated":true}]}}