{"id":82565,"date":"2024-07-26T16:26:53","date_gmt":"2024-07-26T19:26:53","guid":{"rendered":"https:\/\/vicosalta.com.ar\/?product=colocadora-manual-de-broches-plasticos-t5-150"},"modified":"2026-02-10T09:34:32","modified_gmt":"2026-02-10T12:34:32","slug":"colocadora-manual-de-broches-plasticos-t5-150","status":"publish","type":"product","link":"https:\/\/vicosalta.com.ar\/?product=colocadora-manual-de-broches-plasticos-t5-150","title":{"rendered":"COLOCADORA MANUAL DE BROCHES PLASTICOS T5-150"},"content":{"rendered":"<p>ESTE KIT TRAE UNA COLOCADORA MANUAL DE BROCHES PL\u00c1STICOS CON SU REPUESTO DE BASE Y MATRIZ DE SILICONA M\u00c1S UN DESTORNILLADOR Y UN PUNZ\u00d3N. TAMBI\u00c9N TRAE 615 BROCHES EN 15 COLORES DIFERENTES QUE INCLUYE PISTON (20u.) Y DOS OJILLOS DISTINTOS (21u)<\/p>\n","protected":false},"excerpt":{"rendered":"<p>ESTE KIT TRAE UNA COLOCADORA MANUAL DE BROCHES PL\u00c1STICOS CON SU REPUESTO DE BASE Y MATRIZ DE SILICONA M\u00c1S UN DESTORNILLADOR Y UN PUNZ\u00d3N. TAMBI\u00c9N TRAE 615 BROCHES EN 15 COLORES DIFERENTES QUE INCLUYE PISTON (20u.) Y DOS OJILLOS DISTINTOS (21u)<\/p>\n","protected":false},"featured_media":82602,"comment_status":"open","ping_status":"closed","template":"","meta":[],"product_brand":[],"product_cat":[4428],"product_tag":[],"class_list":{"0":"post-82565","1":"product","2":"type-product","3":"status-publish","4":"has-post-thumbnail","6":"product_cat-remachadora","8":"first","9":"instock","10":"shipping-taxable","11":"purchasable","12":"product-type-simple"},"_links":{"self":[{"href":"https:\/\/vicosalta.com.ar\/index.php?rest_route=\/wp\/v2\/product\/82565","targetHints":{"allow":["GET"]}}],"collection":[{"href":"https:\/\/vicosalta.com.ar\/index.php?rest_route=\/wp\/v2\/product"}],"about":[{"href":"https:\/\/vicosalta.com.ar\/index.php?rest_route=\/wp\/v2\/types\/product"}],"replies":[{"embeddable":true,"href":"https:\/\/vicosalta.com.ar\/index.php?rest_route=%2Fwp%2Fv2%2Fcomments&post=82565"}],"version-history":[{"count":2,"href":"https:\/\/vicosalta.com.ar\/index.php?rest_route=\/wp\/v2\/product\/82565\/revisions"}],"predecessor-version":[{"id":113645,"href":"https:\/\/vicosalta.com.ar\/index.php?rest_route=\/wp\/v2\/product\/82565\/revisions\/113645"}],"wp:featuredmedia":[{"embeddable":true,"href":"https:\/\/vicosalta.com.ar\/index.php?rest_route=\/wp\/v2\/media\/82602"}],"wp:attachment":[{"href":"https:\/\/vicosalta.com.ar\/index.php?rest_route=%2Fwp%2Fv2%2Fmedia&parent=82565"}],"wp:term":[{"taxonomy":"product_brand","embeddable":true,"href":"https:\/\/vicosalta.com.ar\/index.php?rest_route=%2Fwp%2Fv2%2Fproduct_brand&post=82565"},{"taxonomy":"product_cat","embeddable":true,"href":"https:\/\/vicosalta.com.ar\/index.php?rest_route=%2Fwp%2Fv2%2Fproduct_cat&post=82565"},{"taxonomy":"product_tag","embeddable":true,"href":"https:\/\/vicosalta.com.ar\/index.php?rest_route=%2Fwp%2Fv2%2Fproduct_tag&post=82565"}],"curies":[{"name":"wp","href":"https:\/\/api.w.org\/{rel}","templated":true}]}}