{"id":69818,"date":"2023-11-25T10:26:57","date_gmt":"2023-11-25T13:26:57","guid":{"rendered":"https:\/\/vicosalta.com.ar\/?product=jack-collareta-tapa-costura-w4-d-01-02-03"},"modified":"2026-04-01T10:25:38","modified_gmt":"2026-04-01T13:25:38","slug":"jack-collareta-tapa-costura-w4-d-01-02-03","status":"publish","type":"product","link":"https:\/\/vicosalta.com.ar\/?product=jack-collareta-tapa-costura-w4-d-01-02-03","title":{"rendered":"JACK COLLARETA TAPA COSTURA W4-D-01\/02\/03"},"content":{"rendered":"<p>Si sos exigente y detallista con tus trabajos entonces precisas una m\u00e1quina collareta tapacostura completa y de la mejor calidad, la JACK W4-D es todo lo que estabas buscando! <strong>CARACTERISTICAS PRINCIPALES:<\/strong><\/p>\n<ul>\n<li>Motor incorporado de bajo consumo.<\/li>\n<li>Direct Drive.<\/li>\n<li>Panel de control integrado.<\/li>\n<li>Luz LED incorporada.<\/li>\n<li>Posicionador de aguja.<\/li>\n<li>Velocidad m\u00e1xima 5500RPM.<\/li>\n<li>Sistema de lubricaci\u00f3n autom\u00e1tico.<\/li>\n<\/ul>\n<p><strong>ACCESORIOS QUE TRAE LA MAQUINA:<\/strong><\/p>\n<ul>\n<li>Gu\u00eda dobladillo.<\/li>\n<li>Gu\u00eda costura.<\/li>\n<li>Soporte para boquillas y 1 boquilla.<\/li>\n<li>Soporte porta rollos\/cintas.<\/li>\n<\/ul>\n<p>Para tu tranquilidad, con la compra de esta maquina ten\u00e9s garant\u00eda de 1 a\u00f1o cubierta exclusivamente en nuestro local.<\/p>\n","protected":false},"excerpt":{"rendered":"<p>Si sos exigente y detallista con tus trabajos entonces precisas una m\u00e1quina collareta tapacostura completa y de la mejor calidad, la JACK W4-D es todo lo que estabas buscando! CARACTERISTICAS PRINCIPALES: Motor incorporado de bajo consumo. Direct Drive. Panel de control integrado. Luz LED incorporada. Posicionador de aguja. Velocidad m\u00e1xima 5500RPM. Sistema de lubricaci\u00f3n autom\u00e1tico. [&hellip;]<\/p>\n","protected":false},"featured_media":79063,"comment_status":"open","ping_status":"closed","template":"","meta":[],"product_brand":[],"product_cat":[4799],"product_tag":[4629],"class_list":{"0":"post-69818","1":"product","2":"type-product","3":"status-publish","4":"has-post-thumbnail","6":"product_cat-jack-maq-ind-collareta","7":"product_tag-promojack","9":"first","10":"instock","11":"sale","12":"shipping-taxable","13":"purchasable","14":"product-type-simple"},"_links":{"self":[{"href":"https:\/\/vicosalta.com.ar\/index.php?rest_route=\/wp\/v2\/product\/69818","targetHints":{"allow":["GET"]}}],"collection":[{"href":"https:\/\/vicosalta.com.ar\/index.php?rest_route=\/wp\/v2\/product"}],"about":[{"href":"https:\/\/vicosalta.com.ar\/index.php?rest_route=\/wp\/v2\/types\/product"}],"replies":[{"embeddable":true,"href":"https:\/\/vicosalta.com.ar\/index.php?rest_route=%2Fwp%2Fv2%2Fcomments&post=69818"}],"version-history":[{"count":8,"href":"https:\/\/vicosalta.com.ar\/index.php?rest_route=\/wp\/v2\/product\/69818\/revisions"}],"predecessor-version":[{"id":126864,"href":"https:\/\/vicosalta.com.ar\/index.php?rest_route=\/wp\/v2\/product\/69818\/revisions\/126864"}],"wp:featuredmedia":[{"embeddable":true,"href":"https:\/\/vicosalta.com.ar\/index.php?rest_route=\/wp\/v2\/media\/79063"}],"wp:attachment":[{"href":"https:\/\/vicosalta.com.ar\/index.php?rest_route=%2Fwp%2Fv2%2Fmedia&parent=69818"}],"wp:term":[{"taxonomy":"product_brand","embeddable":true,"href":"https:\/\/vicosalta.com.ar\/index.php?rest_route=%2Fwp%2Fv2%2Fproduct_brand&post=69818"},{"taxonomy":"product_cat","embeddable":true,"href":"https:\/\/vicosalta.com.ar\/index.php?rest_route=%2Fwp%2Fv2%2Fproduct_cat&post=69818"},{"taxonomy":"product_tag","embeddable":true,"href":"https:\/\/vicosalta.com.ar\/index.php?rest_route=%2Fwp%2Fv2%2Fproduct_tag&post=69818"}],"curies":[{"name":"wp","href":"https:\/\/api.w.org\/{rel}","templated":true}]}}