{"id":69811,"date":"2023-11-25T10:26:57","date_gmt":"2023-11-25T13:26:57","guid":{"rendered":"https:\/\/vicosalta.com.ar\/?product=jack-overlock-4-hilos-e3-4-m2-24"},"modified":"2026-01-07T11:44:33","modified_gmt":"2026-01-07T14:44:33","slug":"jack-overlock-4-hilos-e3-4-m2-24","status":"publish","type":"product","link":"https:\/\/vicosalta.com.ar\/?product=jack-overlock-4-hilos-e3-4-m2-24","title":{"rendered":"JACK OVERLOCK 4 HILOS E3-4-M2-24"},"content":{"rendered":"<p>El precio incluye el servicio de armado de la m\u00e1quina para su retiro directo en el local. Sin embargo, el costo del env\u00edo no est\u00e1 incluido y ser\u00e1 responsabilidad del cliente gestionarlo por separado<\/p>\n","protected":false},"excerpt":{"rendered":"<p>El precio incluye el servicio de armado de la m\u00e1quina para su retiro directo en el local. Sin embargo, el costo del env\u00edo no est\u00e1 incluido y ser\u00e1 responsabilidad del cliente gestionarlo por separado<\/p>\n","protected":false},"featured_media":70650,"comment_status":"open","ping_status":"closed","template":"","meta":[],"product_brand":[],"product_cat":[4751],"product_tag":[4629],"class_list":{"0":"post-69811","1":"product","2":"type-product","3":"status-publish","4":"has-post-thumbnail","6":"product_cat-4-hilos","7":"product_tag-promojack","9":"first","10":"instock","11":"sale","12":"shipping-taxable","13":"purchasable","14":"product-type-simple"},"_links":{"self":[{"href":"https:\/\/vicosalta.com.ar\/index.php?rest_route=\/wp\/v2\/product\/69811","targetHints":{"allow":["GET"]}}],"collection":[{"href":"https:\/\/vicosalta.com.ar\/index.php?rest_route=\/wp\/v2\/product"}],"about":[{"href":"https:\/\/vicosalta.com.ar\/index.php?rest_route=\/wp\/v2\/types\/product"}],"replies":[{"embeddable":true,"href":"https:\/\/vicosalta.com.ar\/index.php?rest_route=%2Fwp%2Fv2%2Fcomments&post=69811"}],"version-history":[{"count":10,"href":"https:\/\/vicosalta.com.ar\/index.php?rest_route=\/wp\/v2\/product\/69811\/revisions"}],"predecessor-version":[{"id":126639,"href":"https:\/\/vicosalta.com.ar\/index.php?rest_route=\/wp\/v2\/product\/69811\/revisions\/126639"}],"wp:featuredmedia":[{"embeddable":true,"href":"https:\/\/vicosalta.com.ar\/index.php?rest_route=\/wp\/v2\/media\/70650"}],"wp:attachment":[{"href":"https:\/\/vicosalta.com.ar\/index.php?rest_route=%2Fwp%2Fv2%2Fmedia&parent=69811"}],"wp:term":[{"taxonomy":"product_brand","embeddable":true,"href":"https:\/\/vicosalta.com.ar\/index.php?rest_route=%2Fwp%2Fv2%2Fproduct_brand&post=69811"},{"taxonomy":"product_cat","embeddable":true,"href":"https:\/\/vicosalta.com.ar\/index.php?rest_route=%2Fwp%2Fv2%2Fproduct_cat&post=69811"},{"taxonomy":"product_tag","embeddable":true,"href":"https:\/\/vicosalta.com.ar\/index.php?rest_route=%2Fwp%2Fv2%2Fproduct_tag&post=69811"}],"curies":[{"name":"wp","href":"https:\/\/api.w.org\/{rel}","templated":true}]}}