{"id":69656,"date":"2023-11-25T10:26:35","date_gmt":"2023-11-25T13:26:35","guid":{"rendered":"https:\/\/vicosalta.com.ar\/?product=silverman-recta-doble-arrastre-auto-multifuncion-s-0313a-d4"},"modified":"2026-01-07T11:44:24","modified_gmt":"2026-01-07T14:44:24","slug":"silverman-recta-doble-arrastre-auto-multifuncion-s-0313a-d4","status":"publish","type":"product","link":"https:\/\/vicosalta.com.ar\/?product=silverman-recta-doble-arrastre-auto-multifuncion-s-0313a-d4","title":{"rendered":"SILVERMAN RECTA DOBLE ARRASTRE AUTO MULTIFUNCION S-0313A-D4"},"content":{"rendered":"<p>El precio incluye el servicio de armado de la m\u00e1quina para su retiro directo en el local. Sin embargo, el costo del env\u00edo no est\u00e1 incluido y ser\u00e1 responsabilidad del cliente gestionarlo por separado<\/p>\n","protected":false},"excerpt":{"rendered":"<p>El precio incluye el servicio de armado de la m\u00e1quina para su retiro directo en el local. Sin embargo, el costo del env\u00edo no est\u00e1 incluido y ser\u00e1 responsabilidad del cliente gestionarlo por separado<\/p>\n","protected":false},"featured_media":34840,"comment_status":"open","ping_status":"closed","template":"","meta":[],"product_brand":[],"product_cat":[4603],"product_tag":[5070],"class_list":{"0":"post-69656","1":"product","2":"type-product","3":"status-publish","4":"has-post-thumbnail","6":"product_cat-silverman-maq-ind-doble-arrastre","7":"product_tag-automaticas-ultimo-modelo","9":"first","10":"instock","11":"sale","12":"shipping-taxable","13":"purchasable","14":"product-type-simple"},"_links":{"self":[{"href":"https:\/\/vicosalta.com.ar\/index.php?rest_route=\/wp\/v2\/product\/69656","targetHints":{"allow":["GET"]}}],"collection":[{"href":"https:\/\/vicosalta.com.ar\/index.php?rest_route=\/wp\/v2\/product"}],"about":[{"href":"https:\/\/vicosalta.com.ar\/index.php?rest_route=\/wp\/v2\/types\/product"}],"replies":[{"embeddable":true,"href":"https:\/\/vicosalta.com.ar\/index.php?rest_route=%2Fwp%2Fv2%2Fcomments&post=69656"}],"version-history":[{"count":6,"href":"https:\/\/vicosalta.com.ar\/index.php?rest_route=\/wp\/v2\/product\/69656\/revisions"}],"predecessor-version":[{"id":126497,"href":"https:\/\/vicosalta.com.ar\/index.php?rest_route=\/wp\/v2\/product\/69656\/revisions\/126497"}],"wp:featuredmedia":[{"embeddable":true,"href":"https:\/\/vicosalta.com.ar\/index.php?rest_route=\/wp\/v2\/media\/34840"}],"wp:attachment":[{"href":"https:\/\/vicosalta.com.ar\/index.php?rest_route=%2Fwp%2Fv2%2Fmedia&parent=69656"}],"wp:term":[{"taxonomy":"product_brand","embeddable":true,"href":"https:\/\/vicosalta.com.ar\/index.php?rest_route=%2Fwp%2Fv2%2Fproduct_brand&post=69656"},{"taxonomy":"product_cat","embeddable":true,"href":"https:\/\/vicosalta.com.ar\/index.php?rest_route=%2Fwp%2Fv2%2Fproduct_cat&post=69656"},{"taxonomy":"product_tag","embeddable":true,"href":"https:\/\/vicosalta.com.ar\/index.php?rest_route=%2Fwp%2Fv2%2Fproduct_tag&post=69656"}],"curies":[{"name":"wp","href":"https:\/\/api.w.org\/{rel}","templated":true}]}}