{"id":69649,"date":"2023-11-25T10:26:34","date_gmt":"2023-11-25T13:26:34","guid":{"rendered":"https:\/\/vicosalta.com.ar\/?product=silverman-recta-dd-liviana-sr1"},"modified":"2026-05-06T12:50:44","modified_gmt":"2026-05-06T15:50:44","slug":"silverman-recta-dd-liviana-sr1","status":"publish","type":"product","link":"https:\/\/vicosalta.com.ar\/?product=silverman-recta-dd-liviana-sr1","title":{"rendered":"SILVERMAN RECTA DD LIVIANA &#8211; SR1"},"content":{"rendered":"<p>El precio incluye el servicio de armado de la m\u00e1quina para su retiro directo en el local. Sin embargo, el costo del env\u00edo no est\u00e1 incluido y ser\u00e1 responsabilidad del cliente gestionarlo por separado<\/p>\n","protected":false},"excerpt":{"rendered":"<p>El precio incluye el servicio de armado de la m\u00e1quina para su retiro directo en el local. Sin embargo, el costo del env\u00edo no est\u00e1 incluido y ser\u00e1 responsabilidad del cliente gestionarlo por separado<\/p>\n","protected":false},"featured_media":34817,"comment_status":"open","ping_status":"closed","template":"","meta":[],"product_brand":[],"product_cat":[4753],"product_tag":[5243,5072],"class_list":{"0":"post-69649","1":"product","2":"type-product","3":"status-publish","4":"has-post-thumbnail","6":"product_cat-liviana","7":"product_tag-silverman","8":"product_tag-silverman-super-oferta","10":"first","11":"instock","12":"sale","13":"shipping-taxable","14":"purchasable","15":"product-type-simple"},"_links":{"self":[{"href":"https:\/\/vicosalta.com.ar\/index.php?rest_route=\/wp\/v2\/product\/69649","targetHints":{"allow":["GET"]}}],"collection":[{"href":"https:\/\/vicosalta.com.ar\/index.php?rest_route=\/wp\/v2\/product"}],"about":[{"href":"https:\/\/vicosalta.com.ar\/index.php?rest_route=\/wp\/v2\/types\/product"}],"replies":[{"embeddable":true,"href":"https:\/\/vicosalta.com.ar\/index.php?rest_route=%2Fwp%2Fv2%2Fcomments&post=69649"}],"version-history":[{"count":11,"href":"https:\/\/vicosalta.com.ar\/index.php?rest_route=\/wp\/v2\/product\/69649\/revisions"}],"predecessor-version":[{"id":126490,"href":"https:\/\/vicosalta.com.ar\/index.php?rest_route=\/wp\/v2\/product\/69649\/revisions\/126490"}],"wp:featuredmedia":[{"embeddable":true,"href":"https:\/\/vicosalta.com.ar\/index.php?rest_route=\/wp\/v2\/media\/34817"}],"wp:attachment":[{"href":"https:\/\/vicosalta.com.ar\/index.php?rest_route=%2Fwp%2Fv2%2Fmedia&parent=69649"}],"wp:term":[{"taxonomy":"product_brand","embeddable":true,"href":"https:\/\/vicosalta.com.ar\/index.php?rest_route=%2Fwp%2Fv2%2Fproduct_brand&post=69649"},{"taxonomy":"product_cat","embeddable":true,"href":"https:\/\/vicosalta.com.ar\/index.php?rest_route=%2Fwp%2Fv2%2Fproduct_cat&post=69649"},{"taxonomy":"product_tag","embeddable":true,"href":"https:\/\/vicosalta.com.ar\/index.php?rest_route=%2Fwp%2Fv2%2Fproduct_tag&post=69649"}],"curies":[{"name":"wp","href":"https:\/\/api.w.org\/{rel}","templated":true}]}}