{"id":69635,"date":"2023-11-25T10:26:32","date_gmt":"2023-11-25T13:26:32","guid":{"rendered":"https:\/\/vicosalta.com.ar\/?product=shanggong-collareta-multifuncion"},"modified":"2026-01-12T13:18:19","modified_gmt":"2026-01-12T16:18:19","slug":"shanggong-collareta-multifuncion","status":"publish","type":"product","link":"https:\/\/vicosalta.com.ar\/?product=shanggong-collareta-multifuncion","title":{"rendered":"SHANGGONG COLLARETA MULTIFUNCION"},"content":{"rendered":"<p>El precio incluye el servicio de armado de la m\u00e1quina para su retiro directo en el local. Sin embargo, el costo del env\u00edo no est\u00e1 incluido y ser\u00e1 responsabilidad del cliente gestionarlo por separado<\/p>\n","protected":false},"excerpt":{"rendered":"<p>El precio incluye el servicio de armado de la m\u00e1quina para su retiro directo en el local. Sin embargo, el costo del env\u00edo no est\u00e1 incluido y ser\u00e1 responsabilidad del cliente gestionarlo por separado<\/p>\n","protected":false},"featured_media":636,"comment_status":"open","ping_status":"closed","template":"","meta":[],"product_brand":[],"product_cat":[4598],"product_tag":[4633],"class_list":{"0":"post-69635","1":"product","2":"type-product","3":"status-publish","4":"has-post-thumbnail","6":"product_cat-shanggong-maq-ind-collareta","7":"product_tag-promoexclusiva","9":"first","10":"instock","11":"shipping-taxable","12":"purchasable","13":"product-type-simple"},"_links":{"self":[{"href":"https:\/\/vicosalta.com.ar\/index.php?rest_route=\/wp\/v2\/product\/69635","targetHints":{"allow":["GET"]}}],"collection":[{"href":"https:\/\/vicosalta.com.ar\/index.php?rest_route=\/wp\/v2\/product"}],"about":[{"href":"https:\/\/vicosalta.com.ar\/index.php?rest_route=\/wp\/v2\/types\/product"}],"replies":[{"embeddable":true,"href":"https:\/\/vicosalta.com.ar\/index.php?rest_route=%2Fwp%2Fv2%2Fcomments&post=69635"}],"version-history":[{"count":5,"href":"https:\/\/vicosalta.com.ar\/index.php?rest_route=\/wp\/v2\/product\/69635\/revisions"}],"predecessor-version":[{"id":126476,"href":"https:\/\/vicosalta.com.ar\/index.php?rest_route=\/wp\/v2\/product\/69635\/revisions\/126476"}],"wp:featuredmedia":[{"embeddable":true,"href":"https:\/\/vicosalta.com.ar\/index.php?rest_route=\/wp\/v2\/media\/636"}],"wp:attachment":[{"href":"https:\/\/vicosalta.com.ar\/index.php?rest_route=%2Fwp%2Fv2%2Fmedia&parent=69635"}],"wp:term":[{"taxonomy":"product_brand","embeddable":true,"href":"https:\/\/vicosalta.com.ar\/index.php?rest_route=%2Fwp%2Fv2%2Fproduct_brand&post=69635"},{"taxonomy":"product_cat","embeddable":true,"href":"https:\/\/vicosalta.com.ar\/index.php?rest_route=%2Fwp%2Fv2%2Fproduct_cat&post=69635"},{"taxonomy":"product_tag","embeddable":true,"href":"https:\/\/vicosalta.com.ar\/index.php?rest_route=%2Fwp%2Fv2%2Fproduct_tag&post=69635"}],"curies":[{"name":"wp","href":"https:\/\/api.w.org\/{rel}","templated":true}]}}