{"id":69586,"date":"2023-11-25T10:26:17","date_gmt":"2023-11-25T13:26:17","guid":{"rendered":"https:\/\/vicosalta.com.ar\/?product=brother-prs100"},"modified":"2026-03-26T14:28:53","modified_gmt":"2026-03-26T17:28:53","slug":"brother-prs100","status":"publish","type":"product","link":"https:\/\/vicosalta.com.ar\/?product=brother-prs100","title":{"rendered":"BROTHER PRS100"},"content":{"rendered":"<h3>La PRS100 es la bordadora de una aguja m\u00e1s vers\u00e1til. Su configuraci\u00f3n tubular de brazo libre le da la flexibilidad y la facilidad para bordar zonas con dif\u00edcil acceso. Adem\u00e1s, con 47 cm de ancho hace que sea el complemento perfecto para cualquier habitaci\u00f3n de su casa. Esta m\u00e1quina avanza su creatividad con funciones clave, como el acceso en cualquier momento a la bobina, amplia zona de bordado, marcador de posicionamiento LED. Comodidades que ahorran tiempo tales como sistema de devanado y cambios f\u00e1ciles de color del hilo hacen crear a\u00fan m\u00e1s f\u00e1cil. Con los bastidores de bordado incluidos, especialmente los nuevos y exclusivos de mini marcos, sus opciones de bordado son infinitas.<\/h3>\n<h2><strong>Caracteristicas:<\/strong><\/h2>\n<ul>\n<li>\n<h3>Area m\u00e1xima de bordado de hasta 20 x 20 cm<\/h3>\n<\/li>\n<li>\n<h3><b><\/b>Velocidad hasta 1000 puntadas por minuto<\/h3>\n<\/li>\n<li>\n<h3><b><\/b>405 dise\u00f1os de bordado y 20 fuentes incluidos<\/h3>\n<\/li>\n<li>\n<h3><b><\/b>Gran pantalla t\u00e1ctil LCD a color, con edici\u00f3n avanzada de bordado<\/h3>\n<\/li>\n<li>\n<h3><b><\/b>Enhebrado autom\u00e1tico electr\u00f3nico<\/h3>\n<\/li>\n<li>\n<h3><b><\/b>Corte autom\u00e1tico de salto de hilo<\/h3>\n<\/li>\n<li>\n<h3><b><\/b>Puerto USB y PC para cargar nuevos dise\u00f1os de bordado<\/h3>\n<\/li>\n<li>\n<h3><b><\/b>Iluminaci\u00f3n LED<\/h3>\n<\/li>\n<li>\n<h3><b><\/b>Incluye 6 bastidores y sus gu\u00edas de posicionamiento: bastidor de 20 x 20 cm, bastidor de 10 x 10 cm, 4 bastidores peque\u00f1os (3,8 x 4,4 cm \/ 4,1 x 7 cm \/ 3,3 x 7,5 cm \/ 5 x 5 cm), y kit de inicio de bordado<\/h3>\n<\/li>\n<li>\n<h3><b><\/b>Amplia variedad de bastidores opcionales, para bordadora de gorras, calzados, mangas\u2026<\/h3>\n<\/li>\n<\/ul>\n","protected":false},"excerpt":{"rendered":"<p>La PRS100 es la bordadora de una aguja m\u00e1s vers\u00e1til. Su configuraci\u00f3n tubular de brazo libre le da la flexibilidad y la facilidad para bordar zonas con dif\u00edcil acceso. Adem\u00e1s, con 47 cm de ancho hace que sea el complemento perfecto para cualquier habitaci\u00f3n de su casa. Esta m\u00e1quina avanza su creatividad con funciones clave, [&hellip;]<\/p>\n","protected":false},"featured_media":9773,"comment_status":"open","ping_status":"closed","template":"","meta":[],"product_brand":[],"product_cat":[4589],"product_tag":[],"class_list":{"0":"post-69586","1":"product","2":"type-product","3":"status-publish","4":"has-post-thumbnail","6":"product_cat-brother-maq-fam-bordar","8":"first","9":"instock","10":"shipping-taxable","11":"purchasable","12":"product-type-simple"},"_links":{"self":[{"href":"https:\/\/vicosalta.com.ar\/index.php?rest_route=\/wp\/v2\/product\/69586","targetHints":{"allow":["GET"]}}],"collection":[{"href":"https:\/\/vicosalta.com.ar\/index.php?rest_route=\/wp\/v2\/product"}],"about":[{"href":"https:\/\/vicosalta.com.ar\/index.php?rest_route=\/wp\/v2\/types\/product"}],"replies":[{"embeddable":true,"href":"https:\/\/vicosalta.com.ar\/index.php?rest_route=%2Fwp%2Fv2%2Fcomments&post=69586"}],"version-history":[{"count":6,"href":"https:\/\/vicosalta.com.ar\/index.php?rest_route=\/wp\/v2\/product\/69586\/revisions"}],"predecessor-version":[{"id":126747,"href":"https:\/\/vicosalta.com.ar\/index.php?rest_route=\/wp\/v2\/product\/69586\/revisions\/126747"}],"wp:featuredmedia":[{"embeddable":true,"href":"https:\/\/vicosalta.com.ar\/index.php?rest_route=\/wp\/v2\/media\/9773"}],"wp:attachment":[{"href":"https:\/\/vicosalta.com.ar\/index.php?rest_route=%2Fwp%2Fv2%2Fmedia&parent=69586"}],"wp:term":[{"taxonomy":"product_brand","embeddable":true,"href":"https:\/\/vicosalta.com.ar\/index.php?rest_route=%2Fwp%2Fv2%2Fproduct_brand&post=69586"},{"taxonomy":"product_cat","embeddable":true,"href":"https:\/\/vicosalta.com.ar\/index.php?rest_route=%2Fwp%2Fv2%2Fproduct_cat&post=69586"},{"taxonomy":"product_tag","embeddable":true,"href":"https:\/\/vicosalta.com.ar\/index.php?rest_route=%2Fwp%2Fv2%2Fproduct_tag&post=69586"}],"curies":[{"name":"wp","href":"https:\/\/api.w.org\/{rel}","templated":true}]}}