{"id":69585,"date":"2023-11-25T10:26:17","date_gmt":"2023-11-25T13:26:17","guid":{"rendered":"https:\/\/vicosalta.com.ar\/?product=brother-bp2150"},"modified":"2026-05-06T12:05:19","modified_gmt":"2026-05-06T15:05:19","slug":"brother-bp2150","status":"publish","type":"product","link":"https:\/\/vicosalta.com.ar\/?product=brother-bp2150","title":{"rendered":"BROTHER BP2150"},"content":{"rendered":"<h3>\u00a1Bienvenido al nuevo sistema revolucionario de bordado! La nueva m\u00e1quina de bordar BP2150L ofrece la nueva caracter\u00edstica de puntero LED, el cual permite obtener la mejor precisi\u00f3n en el posicionamiento de bordado. Esta poderosa m\u00e1quina puede bordar a una velocidad m\u00e1xima de 1050 puntadas por minuto. La BP2150L contiene una vasta selecci\u00f3n de 227 dise\u00f1os de bordado y 17 fuentes de letras. Gracias a la alta tecnolog\u00eda ofrecida por Brother, los bordados pueden ser editados en pantalla. La pantalla de edici\u00f3n de bordado, ofrece distintas funciones como rotaci\u00f3n de imagen de grado en grado, saltador de puntadas de hasta 500 en 500 puntadas y vista preliminar del bordado en el bastidor. Esta m\u00e1quina, le permitir\u00e1 trabajar con m\u00e1s de un bordado en la misma pantalla y le ofrecer\u00e1 un \u00e1rea de bordado superior a modelos anteriores. La BP2150L ofrece 13 distintos lenguajes al igual que instrucciones y videos sumamente detallados. Tendr\u00e1 la posibilidad de personalizar la pantalla, alterar el tama\u00f1o de los iconos miniatura y ajustar el modo de compatibilidad de apagado. \u00a1No espere m\u00e1s, y revolucione sus bordados con la nueva Bordadora Profesional!<\/h3>\n<h3><strong>Caracter\u00edsticas Principales<\/strong><\/h3>\n<ul>\n<li>Area m\u00e1xima de bordado de hasta 30 x 20 cm<\/li>\n<li>Velocidad hasta 1050 puntadas por minuto<\/li>\n<li>227 dise\u00f1os de bordado incluidos<\/li>\n<li>17 fuentes incluidas<\/li>\n<li>Gran pantalla t\u00e1ctil LCD a color, con edici\u00f3n avanzada de bordado<\/li>\n<li>Devanador autom\u00e1tico de bobina<\/li>\n<li>Enhebrado autom\u00e1tico electr\u00f3nico: apretando un bot\u00f3n la aguja se enhebra<\/li>\n<li>Corte autom\u00e1tico de salto de hilo<\/li>\n<li>Puerto USB y PC para cargar nuevos dise\u00f1os de bordado<\/li>\n<li>Iluminaci\u00f3n LED<\/li>\n<li>Puntero LED para posicionar la aguja en el bastidor<\/li>\n<li>Tecla de bloqueo para protecci\u00f3n y ayuda en el enhebrado, cambio de agujas o mantenimiento<\/li>\n<li>Incluye 3 bastidores y sus gu\u00edas de posicionamiento: bastidor de 30 x 20 cm, bastidor de 18 x 13 cm, bastidor de 10 x 10 cm, y kit de inicio de bordado<\/li>\n<li>GARANTIA OFICIAL BROTHER<\/li>\n<\/ul>\n","protected":false},"excerpt":{"rendered":"<p>\u00a1Bienvenido al nuevo sistema revolucionario de bordado! La nueva m\u00e1quina de bordar BP2150L ofrece la nueva caracter\u00edstica de puntero LED, el cual permite obtener la mejor precisi\u00f3n en el posicionamiento de bordado. Esta poderosa m\u00e1quina puede bordar a una velocidad m\u00e1xima de 1050 puntadas por minuto. La BP2150L contiene una vasta selecci\u00f3n de 227 dise\u00f1os [&hellip;]<\/p>\n","protected":false},"featured_media":1506,"comment_status":"open","ping_status":"closed","template":"","meta":[],"product_brand":[],"product_cat":[4589],"product_tag":[5240],"class_list":{"0":"post-69585","1":"product","2":"type-product","3":"status-publish","4":"has-post-thumbnail","6":"product_cat-brother-maq-fam-bordar","7":"product_tag-brother","9":"first","10":"instock","11":"shipping-taxable","12":"purchasable","13":"product-type-simple"},"_links":{"self":[{"href":"https:\/\/vicosalta.com.ar\/index.php?rest_route=\/wp\/v2\/product\/69585","targetHints":{"allow":["GET"]}}],"collection":[{"href":"https:\/\/vicosalta.com.ar\/index.php?rest_route=\/wp\/v2\/product"}],"about":[{"href":"https:\/\/vicosalta.com.ar\/index.php?rest_route=\/wp\/v2\/types\/product"}],"replies":[{"embeddable":true,"href":"https:\/\/vicosalta.com.ar\/index.php?rest_route=%2Fwp%2Fv2%2Fcomments&post=69585"}],"version-history":[{"count":5,"href":"https:\/\/vicosalta.com.ar\/index.php?rest_route=\/wp\/v2\/product\/69585\/revisions"}],"predecessor-version":[{"id":126746,"href":"https:\/\/vicosalta.com.ar\/index.php?rest_route=\/wp\/v2\/product\/69585\/revisions\/126746"}],"wp:featuredmedia":[{"embeddable":true,"href":"https:\/\/vicosalta.com.ar\/index.php?rest_route=\/wp\/v2\/media\/1506"}],"wp:attachment":[{"href":"https:\/\/vicosalta.com.ar\/index.php?rest_route=%2Fwp%2Fv2%2Fmedia&parent=69585"}],"wp:term":[{"taxonomy":"product_brand","embeddable":true,"href":"https:\/\/vicosalta.com.ar\/index.php?rest_route=%2Fwp%2Fv2%2Fproduct_brand&post=69585"},{"taxonomy":"product_cat","embeddable":true,"href":"https:\/\/vicosalta.com.ar\/index.php?rest_route=%2Fwp%2Fv2%2Fproduct_cat&post=69585"},{"taxonomy":"product_tag","embeddable":true,"href":"https:\/\/vicosalta.com.ar\/index.php?rest_route=%2Fwp%2Fv2%2Fproduct_tag&post=69585"}],"curies":[{"name":"wp","href":"https:\/\/api.w.org\/{rel}","templated":true}]}}