{"id":69584,"date":"2023-11-25T10:26:17","date_gmt":"2023-11-25T13:26:17","guid":{"rendered":"https:\/\/vicosalta.com.ar\/?product=brother-bp1530"},"modified":"2026-03-26T14:28:53","modified_gmt":"2026-03-26T17:28:53","slug":"brother-bp1530","status":"publish","type":"product","link":"https:\/\/vicosalta.com.ar\/?product=brother-bp1530","title":{"rendered":"BROTHER BP1530"},"content":{"rendered":"<h3>Libera toda tu creatividad con la nueva bordadora BP1530L. Elige entre cualquiera de los 258 dise\u00f1os de bordado incorporado y disfruta de la facilidad de edici\u00f3n en la pantalla. Borda todos tus proyectos, desde decoraciones para el hogar a camisetas, gracias a su gran \u00e1rea de bordado de 26 x 16 cm. Este nuevo modelo incorpora conectividad WiFi, para poder transferir nuevos dise\u00f1os de bordado directamente desde la PC, y as\u00ed personalizar proyectos grandiosos que brindar\u00e1n a tu negocio calidad e innovaci\u00f3n.<\/h3>\n<h3 class=\"m-b-10\"><strong>Caracter\u00edsticas Principales<\/strong><\/h3>\n<ul>\n<li>\n<h3><b><\/b>Area m\u00e1xima de bordado de hasta 26 x 16 cm<\/h3>\n<\/li>\n<li>\n<h3><b><\/b>Velocidad hasta 850 puntadas por minuto<\/h3>\n<\/li>\n<li>\n<h3><b><\/b>258 dise\u00f1os de bordado incluidos<\/h3>\n<\/li>\n<li>\n<h3><b><\/b>13 fuentes incluidas<\/h3>\n<\/li>\n<li>\n<h3><b><\/b>Pantalla t\u00e1ctil LCD a color, con edici\u00f3n avanzada de bordado<\/h3>\n<\/li>\n<li>\n<h3><b><\/b>Devanador autom\u00e1tico de bobina<\/h3>\n<\/li>\n<li>\n<h3><b><\/b>Enhebrado autom\u00e1tico mec\u00e1nico<\/h3>\n<\/li>\n<li>\n<h3><b><\/b>Corte autom\u00e1tico de salto de hilo<\/h3>\n<\/li>\n<li>\n<h3><b><\/b>Puerto USB para cargar nuevos dise\u00f1os de bordado<\/h3>\n<\/li>\n<li>\n<h3><b><\/b>Iluminaci\u00f3n LED<\/h3>\n<\/li>\n<li>\n<h3><b><\/b>Conectividad WiFi para transferir dise\u00f1os de bordado desde la PC<\/h3>\n<\/li>\n<li>\n<h3><b><\/b>Incluye 3 bastidores y sus gu\u00edas de posicionamiento: bastidor de 26 x 16 cm, bastidor de 18 x 13 cm, bastidor de 10 x 10 cm, y kit de inicio de bordado<\/h3>\n<\/li>\n<li>\n<h3>GARANTIA OFICIAL BROTHER<\/h3>\n<\/li>\n<\/ul>\n","protected":false},"excerpt":{"rendered":"<p>Libera toda tu creatividad con la nueva bordadora BP1530L. Elige entre cualquiera de los 258 dise\u00f1os de bordado incorporado y disfruta de la facilidad de edici\u00f3n en la pantalla. Borda todos tus proyectos, desde decoraciones para el hogar a camisetas, gracias a su gran \u00e1rea de bordado de 26 x 16 cm. Este nuevo modelo [&hellip;]<\/p>\n","protected":false},"featured_media":1504,"comment_status":"open","ping_status":"closed","template":"","meta":[],"product_brand":[],"product_cat":[4589],"product_tag":[],"class_list":{"0":"post-69584","1":"product","2":"type-product","3":"status-publish","4":"has-post-thumbnail","6":"product_cat-brother-maq-fam-bordar","8":"first","9":"instock","10":"shipping-taxable","11":"purchasable","12":"product-type-simple"},"_links":{"self":[{"href":"https:\/\/vicosalta.com.ar\/index.php?rest_route=\/wp\/v2\/product\/69584","targetHints":{"allow":["GET"]}}],"collection":[{"href":"https:\/\/vicosalta.com.ar\/index.php?rest_route=\/wp\/v2\/product"}],"about":[{"href":"https:\/\/vicosalta.com.ar\/index.php?rest_route=\/wp\/v2\/types\/product"}],"replies":[{"embeddable":true,"href":"https:\/\/vicosalta.com.ar\/index.php?rest_route=%2Fwp%2Fv2%2Fcomments&post=69584"}],"version-history":[{"count":5,"href":"https:\/\/vicosalta.com.ar\/index.php?rest_route=\/wp\/v2\/product\/69584\/revisions"}],"predecessor-version":[{"id":126730,"href":"https:\/\/vicosalta.com.ar\/index.php?rest_route=\/wp\/v2\/product\/69584\/revisions\/126730"}],"wp:featuredmedia":[{"embeddable":true,"href":"https:\/\/vicosalta.com.ar\/index.php?rest_route=\/wp\/v2\/media\/1504"}],"wp:attachment":[{"href":"https:\/\/vicosalta.com.ar\/index.php?rest_route=%2Fwp%2Fv2%2Fmedia&parent=69584"}],"wp:term":[{"taxonomy":"product_brand","embeddable":true,"href":"https:\/\/vicosalta.com.ar\/index.php?rest_route=%2Fwp%2Fv2%2Fproduct_brand&post=69584"},{"taxonomy":"product_cat","embeddable":true,"href":"https:\/\/vicosalta.com.ar\/index.php?rest_route=%2Fwp%2Fv2%2Fproduct_cat&post=69584"},{"taxonomy":"product_tag","embeddable":true,"href":"https:\/\/vicosalta.com.ar\/index.php?rest_route=%2Fwp%2Fv2%2Fproduct_tag&post=69584"}],"curies":[{"name":"wp","href":"https:\/\/api.w.org\/{rel}","templated":true}]}}