{"id":69578,"date":"2023-11-25T10:26:16","date_gmt":"2023-11-25T13:26:16","guid":{"rendered":"https:\/\/vicosalta.com.ar\/?product=brother-1534d"},"modified":"2026-03-26T14:28:53","modified_gmt":"2026-03-26T17:28:53","slug":"brother-1534d","status":"publish","type":"product","link":"https:\/\/vicosalta.com.ar\/?product=brother-1534d","title":{"rendered":"BROTHER 1534D"},"content":{"rendered":"<p class=\"m-b-10\"><strong>Caracter\u00edsticas Principales<\/strong><\/p>\n<ul>\n<li><b><\/b>Trabaja con 1 aguja (3 hilos) y 2 agujas (4 hilos)<\/li>\n<li><b><\/b>Velocidad de hasta 1300 puntadas por minuto<\/li>\n<li><b><\/b>Gu\u00edas de hilo y discos de tensi\u00f3n codificados por color<\/li>\n<li><b><\/b>Brazo libre<\/li>\n<li><b><\/b>Relaci\u00f3n de alimentaci\u00f3n diferencial de arrastre 0.7 a 2.0<\/li>\n<li><b><\/b>Regulador del largo de puntada: 0.8mm a 4.0mm<\/li>\n<li><b><\/b>Regulador del ancho de puntada 3.0mm a 7.0mm<\/li>\n<li><b><\/b>Permite realizar la puntada rulote<\/li>\n<li><b><\/b>Operaci\u00f3n por pedal<\/li>\n<li><b><\/b>Cuchilla rebatible<\/li>\n<li><b><\/b>Luz LED incorporada<\/li>\n<li><b><\/b>Tacho recolector incluido<\/li>\n<li><b><\/b>Incluye 2 prensatelas: b\u00e1sico y puntada invisible<\/li>\n<li><b><\/b>Garant\u00eda de 1 a\u00f1o<\/li>\n<\/ul>\n","protected":false},"excerpt":{"rendered":"<p>Caracter\u00edsticas Principales Trabaja con 1 aguja (3 hilos) y 2 agujas (4 hilos) Velocidad de hasta 1300 puntadas por minuto Gu\u00edas de hilo y discos de tensi\u00f3n codificados por color Brazo libre Relaci\u00f3n de alimentaci\u00f3n diferencial de arrastre 0.7 a 2.0 Regulador del largo de puntada: 0.8mm a 4.0mm Regulador del ancho de puntada 3.0mm [&hellip;]<\/p>\n","protected":false},"featured_media":1498,"comment_status":"open","ping_status":"closed","template":"","meta":[],"product_brand":[],"product_cat":[4586],"product_tag":[],"class_list":{"0":"post-69578","1":"product","2":"type-product","3":"status-publish","4":"has-post-thumbnail","6":"product_cat-brother-maq-fam-overlock","8":"first","9":"instock","10":"shipping-taxable","11":"purchasable","12":"product-type-simple"},"_links":{"self":[{"href":"https:\/\/vicosalta.com.ar\/index.php?rest_route=\/wp\/v2\/product\/69578","targetHints":{"allow":["GET"]}}],"collection":[{"href":"https:\/\/vicosalta.com.ar\/index.php?rest_route=\/wp\/v2\/product"}],"about":[{"href":"https:\/\/vicosalta.com.ar\/index.php?rest_route=\/wp\/v2\/types\/product"}],"replies":[{"embeddable":true,"href":"https:\/\/vicosalta.com.ar\/index.php?rest_route=%2Fwp%2Fv2%2Fcomments&post=69578"}],"version-history":[{"count":4,"href":"https:\/\/vicosalta.com.ar\/index.php?rest_route=\/wp\/v2\/product\/69578\/revisions"}],"predecessor-version":[{"id":126740,"href":"https:\/\/vicosalta.com.ar\/index.php?rest_route=\/wp\/v2\/product\/69578\/revisions\/126740"}],"wp:featuredmedia":[{"embeddable":true,"href":"https:\/\/vicosalta.com.ar\/index.php?rest_route=\/wp\/v2\/media\/1498"}],"wp:attachment":[{"href":"https:\/\/vicosalta.com.ar\/index.php?rest_route=%2Fwp%2Fv2%2Fmedia&parent=69578"}],"wp:term":[{"taxonomy":"product_brand","embeddable":true,"href":"https:\/\/vicosalta.com.ar\/index.php?rest_route=%2Fwp%2Fv2%2Fproduct_brand&post=69578"},{"taxonomy":"product_cat","embeddable":true,"href":"https:\/\/vicosalta.com.ar\/index.php?rest_route=%2Fwp%2Fv2%2Fproduct_cat&post=69578"},{"taxonomy":"product_tag","embeddable":true,"href":"https:\/\/vicosalta.com.ar\/index.php?rest_route=%2Fwp%2Fv2%2Fproduct_tag&post=69578"}],"curies":[{"name":"wp","href":"https:\/\/api.w.org\/{rel}","templated":true}]}}