{"id":69575,"date":"2023-11-25T10:26:15","date_gmt":"2023-11-25T13:26:15","guid":{"rendered":"https:\/\/vicosalta.com.ar\/?product=brother-sq9100"},"modified":"2026-03-26T14:28:53","modified_gmt":"2026-03-26T17:28:53","slug":"brother-sq9100","status":"publish","type":"product","link":"https:\/\/vicosalta.com.ar\/?product=brother-sq9100","title":{"rendered":"BROTHER SQ9100"},"content":{"rendered":"<p>Si desea iniciar un nuevo proyecto como por ejemplo de elaborar una colcha super grande, la SQ9100 para labores pesadas es la m\u00e1quina perfecta para usted. Sus 100 puntadas incorporadas, 120 funciones de costura, 12 estilos de ojales de un paso y una fuente para monogramas b\u00e1sicos, \u00a1esta m\u00e1quina lo hace todo y mucho m\u00e1s!Cuenta con un gu\u00eda de puntada en la misma m\u00e1quina, un sistema de enhebrado de aguja avanzado, un sistema de devanador y un sistema de iluminaci\u00f3n LED que simplificar\u00e1n sus labores de costura, mientras que con el mecanismo de arrastre para acolchado libre y la mesa extra grande sus acolchados ser\u00e1n m\u00e1s f\u00e1ciles que nunca. A ello tambi\u00e9n contribuye el control electr\u00f3nico de velocidad variable, el bot\u00f3n de inicio\/parada y la amplia gama de accesorios que vienen incluidos.&nbsp;<strong>Detalles t\u00e9cnicos:<\/strong><\/p>\n<ul>\n<li>M\u00e1quina de coser dom\u00e9stica de 100 puntadas y 120 funciones<\/li>\n<li>Incluye letras del abecedario<\/li>\n<li>Velocidad de hasta 850 puntadas por minuto<\/li>\n<li>Pantalla LCD con selecci\u00f3n de puntada electr\u00f3nica<\/li>\n<li>Tama\u00f1o de pantalla 5 cm x 1.5 cm<\/li>\n<li>Area de trabajo 146 x 98cm<\/li>\n<\/ul>\n<p><strong>Incluye:<\/strong><\/p>\n<ul>\n<li>11 prensatelas: zig-zag y punta recta, cierres, ojal, botones, puntada invisible, dobladillo estrecho, bordado libre, doble arrastre con su gu\u00eda para acolchados, punta abierta, y pie falso overlock, 1\/4 de pulgadas<\/li>\n<li>Paquete de agujas<\/li>\n<li>Aguja doble<\/li>\n<li>Bobinas<\/li>\n<li>Cepillo de limpieza<\/li>\n<li>Descosedor de costuras<\/li>\n<li>Destornillador<\/li>\n<li>Cable de alimentaci\u00f3n<\/li>\n<li>Pedal<\/li>\n<li>Manual de operaci\u00f3n<\/li>\n<li>Estuche protector duro<\/li>\n<li>Mesa extensible.<\/li>\n<\/ul>\n<p>1 a\u00f1o de Garant\u00eda&lt;iframe width=\u00bb560&#8243; height=\u00bb315&#8243; src=\u00bbhttps:\/\/www.youtube.com\/embed\/3nDXtpxrL2E?si=opvPu01yAmyB-IjK\u00bb title=\u00bbYouTube video player\u00bb frameborder=\u00bb0&#8243; allow=\u00bbaccelerometer; autoplay; clipboard-write; encrypted-media; gyroscope; picture-in-picture; web-share\u00bb allowfullscreen&gt;&lt;\/iframe&gt;<\/p>\n","protected":false},"excerpt":{"rendered":"<p>Si desea iniciar un nuevo proyecto como por ejemplo de elaborar una colcha super grande, la SQ9100 para labores pesadas es la m\u00e1quina perfecta para usted. Sus 100 puntadas incorporadas, 120 funciones de costura, 12 estilos de ojales de un paso y una fuente para monogramas b\u00e1sicos, \u00a1esta m\u00e1quina lo hace todo y mucho m\u00e1s!Cuenta [&hellip;]<\/p>\n","protected":false},"featured_media":1492,"comment_status":"open","ping_status":"closed","template":"","meta":[],"product_brand":[],"product_cat":[4584],"product_tag":[],"class_list":{"0":"post-69575","1":"product","2":"type-product","3":"status-publish","4":"has-post-thumbnail","6":"product_cat-brother","8":"first","9":"instock","10":"shipping-taxable","11":"purchasable","12":"product-type-simple"},"_links":{"self":[{"href":"https:\/\/vicosalta.com.ar\/index.php?rest_route=\/wp\/v2\/product\/69575","targetHints":{"allow":["GET"]}}],"collection":[{"href":"https:\/\/vicosalta.com.ar\/index.php?rest_route=\/wp\/v2\/product"}],"about":[{"href":"https:\/\/vicosalta.com.ar\/index.php?rest_route=\/wp\/v2\/types\/product"}],"replies":[{"embeddable":true,"href":"https:\/\/vicosalta.com.ar\/index.php?rest_route=%2Fwp%2Fv2%2Fcomments&post=69575"}],"version-history":[{"count":4,"href":"https:\/\/vicosalta.com.ar\/index.php?rest_route=\/wp\/v2\/product\/69575\/revisions"}],"predecessor-version":[{"id":126737,"href":"https:\/\/vicosalta.com.ar\/index.php?rest_route=\/wp\/v2\/product\/69575\/revisions\/126737"}],"wp:featuredmedia":[{"embeddable":true,"href":"https:\/\/vicosalta.com.ar\/index.php?rest_route=\/wp\/v2\/media\/1492"}],"wp:attachment":[{"href":"https:\/\/vicosalta.com.ar\/index.php?rest_route=%2Fwp%2Fv2%2Fmedia&parent=69575"}],"wp:term":[{"taxonomy":"product_brand","embeddable":true,"href":"https:\/\/vicosalta.com.ar\/index.php?rest_route=%2Fwp%2Fv2%2Fproduct_brand&post=69575"},{"taxonomy":"product_cat","embeddable":true,"href":"https:\/\/vicosalta.com.ar\/index.php?rest_route=%2Fwp%2Fv2%2Fproduct_cat&post=69575"},{"taxonomy":"product_tag","embeddable":true,"href":"https:\/\/vicosalta.com.ar\/index.php?rest_route=%2Fwp%2Fv2%2Fproduct_tag&post=69575"}],"curies":[{"name":"wp","href":"https:\/\/api.w.org\/{rel}","templated":true}]}}