{"id":69574,"date":"2023-11-25T10:26:15","date_gmt":"2023-11-25T13:26:15","guid":{"rendered":"https:\/\/vicosalta.com.ar\/?product=brother-cs6000xl"},"modified":"2026-03-26T14:28:53","modified_gmt":"2026-03-26T17:28:53","slug":"brother-cs6000xl","status":"publish","type":"product","link":"https:\/\/vicosalta.com.ar\/?product=brother-cs6000xl","title":{"rendered":"BROTHER CS6000XL"},"content":{"rendered":"<h2><strong>Brother cs6000<\/strong><\/h2>\n<p>Les presentamos la nueva m\u00e1quina de coser electr\u00f3nica CS6000XL. Cuenta con todas las funciones que necesita para realizar esos proyectos que tanto so\u00f1aste. La CS6000XL viene con 60 puntadas de costura incorporadas y 7 tipos de ojales autom\u00e1ticos de un solo paso. Perfecta para manualidades, prendas de vestir, decoraciones para el hogar o acolchados. Adem\u00e1s, la CS6000XL incluye una amplia mesa extensible que le facilitar\u00e1 el trabajo en todos sus proyectos de gran tama\u00f1o.<\/p>\n<h4><strong>Detalles t\u00e9cnicos:<\/strong><\/h4>\n<ul>\n<li>M\u00e1quina de coser dom\u00e9stica de 60 puntadas y 100 funciones<\/li>\n<li>Velocidad de hasta 750 puntadas por minuto<\/li>\n<li>Pantalla LCD con selecci\u00f3n de puntada electr\u00f3nica<\/li>\n<li>Estructura interna de metal<\/li>\n<li>Posici\u00f3n de aguja arriba y abajo<\/li>\n<\/ul>\n<h4>Incluye:<\/h4>\n<ul>\n<li style=\"list-style-type: none;\">\n<ul>\n<li>Paquete de agujas<\/li>\n<li>Aguja doble<\/li>\n<li>Bobinas<\/li>\n<li>Cepillo de limpieza<\/li>\n<li>Descosedor de costuras<\/li>\n<li>Destornillador<\/li>\n<li>Cable de alimentaci\u00f3n<\/li>\n<li>Pedal<\/li>\n<li>Manual de operaci\u00f3n<\/li>\n<li>Estuche protector duro<\/li>\n<li>Mesa extensible.<\/li>\n<li>1 a\u00f1o de Garant\u00eda<\/li>\n<\/ul>\n<\/li>\n<\/ul>\n","protected":false},"excerpt":{"rendered":"<p>Brother cs6000 Les presentamos la nueva m\u00e1quina de coser electr\u00f3nica CS6000XL. Cuenta con todas las funciones que necesita para realizar esos proyectos que tanto so\u00f1aste. La CS6000XL viene con 60 puntadas de costura incorporadas y 7 tipos de ojales autom\u00e1ticos de un solo paso. Perfecta para manualidades, prendas de vestir, decoraciones para el hogar o [&hellip;]<\/p>\n","protected":false},"featured_media":1490,"comment_status":"open","ping_status":"closed","template":"","meta":[],"product_brand":[],"product_cat":[4584],"product_tag":[4810],"class_list":{"0":"post-69574","1":"product","2":"type-product","3":"status-publish","4":"has-post-thumbnail","6":"product_cat-brother","7":"product_tag-promo-brother","9":"first","10":"instock","11":"shipping-taxable","12":"purchasable","13":"product-type-simple"},"_links":{"self":[{"href":"https:\/\/vicosalta.com.ar\/index.php?rest_route=\/wp\/v2\/product\/69574","targetHints":{"allow":["GET"]}}],"collection":[{"href":"https:\/\/vicosalta.com.ar\/index.php?rest_route=\/wp\/v2\/product"}],"about":[{"href":"https:\/\/vicosalta.com.ar\/index.php?rest_route=\/wp\/v2\/types\/product"}],"replies":[{"embeddable":true,"href":"https:\/\/vicosalta.com.ar\/index.php?rest_route=%2Fwp%2Fv2%2Fcomments&post=69574"}],"version-history":[{"count":9,"href":"https:\/\/vicosalta.com.ar\/index.php?rest_route=\/wp\/v2\/product\/69574\/revisions"}],"predecessor-version":[{"id":126736,"href":"https:\/\/vicosalta.com.ar\/index.php?rest_route=\/wp\/v2\/product\/69574\/revisions\/126736"}],"wp:featuredmedia":[{"embeddable":true,"href":"https:\/\/vicosalta.com.ar\/index.php?rest_route=\/wp\/v2\/media\/1490"}],"wp:attachment":[{"href":"https:\/\/vicosalta.com.ar\/index.php?rest_route=%2Fwp%2Fv2%2Fmedia&parent=69574"}],"wp:term":[{"taxonomy":"product_brand","embeddable":true,"href":"https:\/\/vicosalta.com.ar\/index.php?rest_route=%2Fwp%2Fv2%2Fproduct_brand&post=69574"},{"taxonomy":"product_cat","embeddable":true,"href":"https:\/\/vicosalta.com.ar\/index.php?rest_route=%2Fwp%2Fv2%2Fproduct_cat&post=69574"},{"taxonomy":"product_tag","embeddable":true,"href":"https:\/\/vicosalta.com.ar\/index.php?rest_route=%2Fwp%2Fv2%2Fproduct_tag&post=69574"}],"curies":[{"name":"wp","href":"https:\/\/api.w.org\/{rel}","templated":true}]}}