{"id":69573,"date":"2023-11-25T10:26:14","date_gmt":"2023-11-25T13:26:14","guid":{"rendered":"https:\/\/vicosalta.com.ar\/?product=brother-xl5900"},"modified":"2026-03-26T14:28:53","modified_gmt":"2026-03-26T17:28:53","slug":"brother-xl5900","status":"publish","type":"product","link":"https:\/\/vicosalta.com.ar\/?product=brother-xl5900","title":{"rendered":"BROTHER XL5900"},"content":{"rendered":"<h2>BROTHER XL 5900<\/h2>\n<p> Esta m\u00e1quina de coser posee una gran variedad de puntadas utilitarias y decorativas. Con 53 puntadas incorporadas y 90 funciones de puntadas podr\u00e1 crear proyectos con terminados inigualables al igual que decoraciones \u00fanicas. La XL5900 posee un ojal de 1 solo paso y sistema de enhebrado de aguja autom\u00e1tico. Esta m\u00e1quina tiene una estructura robusta, ideas para costura de telas gruesas, y contiene un compartimiento para accesorios. <\/p>\n<h4>CARACTERISTICAS:<\/h4>\n<ul>\n<li><b><\/b>M\u00e1quina de coser dom\u00e9stica de 53 puntadas y 90 funciones<\/li>\n<li><b><\/b>Velocidad de hasta 800 puntadas por minuto<\/li>\n<li><b><\/b>Enhebrado de aguja autom\u00e1tico<\/li>\n<li><b><\/b>Brazo libre para pu\u00f1os y mangas<\/li>\n<li><b><\/b>Luz LED incorporada<\/li>\n<li><b><\/b>Bobina superior de f\u00e1cil colocaci\u00f3n<\/li>\n<li><b><\/b>Cambio r\u00e1pido del prensatela<\/li>\n<li><b><\/b>Funci\u00f3n de atraque con palanca, para costura reforzada<\/li>\n<li><b><\/b>Ojal autom\u00e1tico en un paso<\/li>\n<li><b><\/b>Puntada simil Overlock<\/li>\n<li><b><\/b>Incluye 5 prensatelas: zig-zag y punta recta, cierres, ojal, botones, puntada invisible<\/li>\n<li><b><\/b>Garant\u00eda de 1 a\u00f1o<\/li>\n<\/ul>\n","protected":false},"excerpt":{"rendered":"<p>BROTHER XL 5900 Esta m\u00e1quina de coser posee una gran variedad de puntadas utilitarias y decorativas. Con 53 puntadas incorporadas y 90 funciones de puntadas podr\u00e1 crear proyectos con terminados inigualables al igual que decoraciones \u00fanicas. La XL5900 posee un ojal de 1 solo paso y sistema de enhebrado de aguja autom\u00e1tico. Esta m\u00e1quina tiene [&hellip;]<\/p>\n","protected":false},"featured_media":1488,"comment_status":"open","ping_status":"closed","template":"","meta":[],"product_brand":[],"product_cat":[4584],"product_tag":[4810],"class_list":{"0":"post-69573","1":"product","2":"type-product","3":"status-publish","4":"has-post-thumbnail","6":"product_cat-brother","7":"product_tag-promo-brother","9":"first","10":"instock","11":"shipping-taxable","12":"purchasable","13":"product-type-simple"},"_links":{"self":[{"href":"https:\/\/vicosalta.com.ar\/index.php?rest_route=\/wp\/v2\/product\/69573","targetHints":{"allow":["GET"]}}],"collection":[{"href":"https:\/\/vicosalta.com.ar\/index.php?rest_route=\/wp\/v2\/product"}],"about":[{"href":"https:\/\/vicosalta.com.ar\/index.php?rest_route=\/wp\/v2\/types\/product"}],"replies":[{"embeddable":true,"href":"https:\/\/vicosalta.com.ar\/index.php?rest_route=%2Fwp%2Fv2%2Fcomments&post=69573"}],"version-history":[{"count":4,"href":"https:\/\/vicosalta.com.ar\/index.php?rest_route=\/wp\/v2\/product\/69573\/revisions"}],"predecessor-version":[{"id":126735,"href":"https:\/\/vicosalta.com.ar\/index.php?rest_route=\/wp\/v2\/product\/69573\/revisions\/126735"}],"wp:featuredmedia":[{"embeddable":true,"href":"https:\/\/vicosalta.com.ar\/index.php?rest_route=\/wp\/v2\/media\/1488"}],"wp:attachment":[{"href":"https:\/\/vicosalta.com.ar\/index.php?rest_route=%2Fwp%2Fv2%2Fmedia&parent=69573"}],"wp:term":[{"taxonomy":"product_brand","embeddable":true,"href":"https:\/\/vicosalta.com.ar\/index.php?rest_route=%2Fwp%2Fv2%2Fproduct_brand&post=69573"},{"taxonomy":"product_cat","embeddable":true,"href":"https:\/\/vicosalta.com.ar\/index.php?rest_route=%2Fwp%2Fv2%2Fproduct_cat&post=69573"},{"taxonomy":"product_tag","embeddable":true,"href":"https:\/\/vicosalta.com.ar\/index.php?rest_route=%2Fwp%2Fv2%2Fproduct_tag&post=69573"}],"curies":[{"name":"wp","href":"https:\/\/api.w.org\/{rel}","templated":true}]}}