{"id":69572,"date":"2023-11-25T10:26:14","date_gmt":"2023-11-25T13:26:14","guid":{"rendered":"https:\/\/vicosalta.com.ar\/?product=brother-bm3850"},"modified":"2026-03-26T14:28:53","modified_gmt":"2026-03-26T17:28:53","slug":"brother-bm3850","status":"publish","type":"product","link":"https:\/\/vicosalta.com.ar\/?product=brother-bm3850","title":{"rendered":"BROTHER BM3850"},"content":{"rendered":"<h2>BROTHER BM 3850<\/h2>\n<h4>DESCRIPCION:<\/h4>\n<p>Esta m\u00e1quina de coser posee una gran variedad de puntadas utilitarias y decorativas. Con 37 puntadas incorporadas y 74 funciones de puntadas podr\u00e1 crear proyectos con terminados inigualables al igual que decoraciones \u00fanicas. La BM3850 posee un ojal de 1 solo paso y sistema de enhebrado de aguja autom\u00e1tico. Esta m\u00e1quina es f\u00e1cil de transportar y contiene un compartimiento para accesorios. Si trabaja con proyectos de gran tama\u00f1o y acolchado, esta m\u00e1quina es ideal! Incluye una mesa extensible para piezas grandes de tela.<\/p>\n<h4>CARACTERISTICAS:<\/h4>\n<ul>\n<li>M\u00e1quina de coser dom\u00e9stica de 37 puntadas y 74 funciones<\/li>\n<li><b><\/b>Velocidad de hasta 800 puntadas por minuto<\/li>\n<li><b><\/b>Enhebrado de aguja autom\u00e1tico<\/li>\n<li><b><\/b>Brazo libre para pu\u00f1os y mangas<\/li>\n<li><b><\/b>Mesa extensible incluida, ideal para proyectos de gran tama\u00f1o y acolchado<\/li>\n<li><b><\/b>Luz LED incorporada<\/li>\n<li><b><\/b>Bobina superior de f\u00e1cil colocaci\u00f3n<\/li>\n<li><b><\/b>Cambio r\u00e1pido del prensatela<\/li>\n<li><b><\/b>Funci\u00f3n de atraque con palanca, para costura reforzada<\/li>\n<li><b><\/b>Ojal autom\u00e1tico en un paso<\/li>\n<li><b><\/b>Puntada simil Overlock<\/li>\n<li><b><\/b>Incluye 8 prensatelas: zig-zag y punta recta, cierres, ojal, botones, puntada invisible, dobladillo estrecho, bordado libre, doble arrastre con su gu\u00eda para acolchados<\/li>\n<li><b><\/b>Garant\u00eda de 1 a\u00f1o<\/li>\n<\/ul>\n","protected":false},"excerpt":{"rendered":"<p>BROTHER BM 3850 DESCRIPCION: Esta m\u00e1quina de coser posee una gran variedad de puntadas utilitarias y decorativas. Con 37 puntadas incorporadas y 74 funciones de puntadas podr\u00e1 crear proyectos con terminados inigualables al igual que decoraciones \u00fanicas. La BM3850 posee un ojal de 1 solo paso y sistema de enhebrado de aguja autom\u00e1tico. Esta m\u00e1quina [&hellip;]<\/p>\n","protected":false},"featured_media":18074,"comment_status":"open","ping_status":"closed","template":"","meta":[],"product_brand":[],"product_cat":[4584],"product_tag":[4958,4910],"class_list":{"0":"post-69572","1":"product","2":"type-product","3":"status-publish","4":"has-post-thumbnail","6":"product_cat-brother","7":"product_tag-promo-septiembre","8":"product_tag-promocion-brother","10":"first","11":"instock","12":"shipping-taxable","13":"purchasable","14":"product-type-simple"},"_links":{"self":[{"href":"https:\/\/vicosalta.com.ar\/index.php?rest_route=\/wp\/v2\/product\/69572","targetHints":{"allow":["GET"]}}],"collection":[{"href":"https:\/\/vicosalta.com.ar\/index.php?rest_route=\/wp\/v2\/product"}],"about":[{"href":"https:\/\/vicosalta.com.ar\/index.php?rest_route=\/wp\/v2\/types\/product"}],"replies":[{"embeddable":true,"href":"https:\/\/vicosalta.com.ar\/index.php?rest_route=%2Fwp%2Fv2%2Fcomments&post=69572"}],"version-history":[{"count":5,"href":"https:\/\/vicosalta.com.ar\/index.php?rest_route=\/wp\/v2\/product\/69572\/revisions"}],"predecessor-version":[{"id":126734,"href":"https:\/\/vicosalta.com.ar\/index.php?rest_route=\/wp\/v2\/product\/69572\/revisions\/126734"}],"wp:featuredmedia":[{"embeddable":true,"href":"https:\/\/vicosalta.com.ar\/index.php?rest_route=\/wp\/v2\/media\/18074"}],"wp:attachment":[{"href":"https:\/\/vicosalta.com.ar\/index.php?rest_route=%2Fwp%2Fv2%2Fmedia&parent=69572"}],"wp:term":[{"taxonomy":"product_brand","embeddable":true,"href":"https:\/\/vicosalta.com.ar\/index.php?rest_route=%2Fwp%2Fv2%2Fproduct_brand&post=69572"},{"taxonomy":"product_cat","embeddable":true,"href":"https:\/\/vicosalta.com.ar\/index.php?rest_route=%2Fwp%2Fv2%2Fproduct_cat&post=69572"},{"taxonomy":"product_tag","embeddable":true,"href":"https:\/\/vicosalta.com.ar\/index.php?rest_route=%2Fwp%2Fv2%2Fproduct_tag&post=69572"}],"curies":[{"name":"wp","href":"https:\/\/api.w.org\/{rel}","templated":true}]}}