{"id":66795,"date":"2023-11-25T10:22:09","date_gmt":"2023-11-25T13:22:09","guid":{"rendered":"https:\/\/vicosalta.com.ar\/?product=foco-luz-led-brazo-con-iman-30"},"modified":"2026-02-07T11:39:50","modified_gmt":"2026-02-07T14:39:50","slug":"foco-luz-led-brazo-con-iman-30","status":"publish","type":"product","link":"https:\/\/vicosalta.com.ar\/?product=foco-luz-led-brazo-con-iman-30","title":{"rendered":"LUZ LED FLEXIBLE"},"content":{"rendered":"<p data-start=\"362\" data-end=\"504\">Pr\u00e1ctica y liviana, esta luz LED flexible es ideal para iluminar tu \u00e1rea de trabajo en la m\u00e1quina de coser, con un dise\u00f1o moderno y funcional.<\/p>\n<p data-start=\"506\" data-end=\"540\">\ud83e\uddf5 <strong data-start=\"509\" data-end=\"540\">Caracter\u00edsticas destacadas:<\/strong><\/p>\n<ul data-start=\"541\" data-end=\"1059\">\n<li data-start=\"541\" data-end=\"648\">\n<p data-start=\"543\" data-end=\"648\">\u2705 <strong data-start=\"545\" data-end=\"575\">Cuello flexible recubierto<\/strong>, que te permite orientar la luz f\u00e1cilmente hacia donde m\u00e1s lo necesit\u00e1s.<\/p>\n<\/li>\n<li data-start=\"649\" data-end=\"768\">\n<p data-start=\"651\" data-end=\"768\">\u2705 <strong data-start=\"653\" data-end=\"689\">Cabezal con luz LED blanca suave<\/strong>, con <strong data-start=\"695\" data-end=\"717\">m\u00faltiples LEDs SMD<\/strong> integrados para una iluminaci\u00f3n amplia y uniforme.<\/p>\n<\/li>\n<li data-start=\"769\" data-end=\"864\">\n<p data-start=\"771\" data-end=\"864\">\u2705 <strong data-start=\"773\" data-end=\"791\">Base magn\u00e9tica<\/strong> para sujetar sobre superficies met\u00e1licas, como la carcasa de tu m\u00e1quina.<\/p>\n<\/li>\n<li data-start=\"865\" data-end=\"967\">\n<p data-start=\"867\" data-end=\"967\">\u2705 <strong data-start=\"869\" data-end=\"901\">Funciona directamente a 220V<\/strong>, ideal para uso prolongado en m\u00e1quinas industriales o dom\u00e9sticas.<\/p>\n<\/li>\n<\/ul>\n<p data-start=\"1061\" data-end=\"1161\">\u2728 Ideal para quienes buscan una soluci\u00f3n econ\u00f3mica y funcional para mejorar la visibilidad al coser.<\/p>\n","protected":false},"excerpt":{"rendered":"<h4 data-path-to-node=\"9,0\"><b data-path-to-node=\"9,0\" data-index-in-node=\"0\">Nota de Selecci\u00f3n:<\/b><\/h4>\n<ul data-path-to-node=\"9,1\">\n<li>\n<p data-path-to-node=\"9,1,0,0\"><b data-path-to-node=\"9,1,0,0\" data-index-in-node=\"0\">Colores:<\/b> Azul \/ Gris (Sujeto a disponibilidad).<\/p>\n<\/li>\n<li>\n<p data-path-to-node=\"9,1,1,0\"><b data-path-to-node=\"9,1,1,0\" data-index-in-node=\"0\">Rendimiento:<\/b> Id\u00e9ntico en ambos modelos (misma iluminaci\u00f3n).<\/p>\n<\/li>\n<li>\n<p data-path-to-node=\"9,1,2,0\"><b data-path-to-node=\"9,1,2,0\" data-index-in-node=\"0\">Stock:<\/b> En caso de quiebre de stock en un color, se enviar\u00e1 la opci\u00f3n disponible.<\/p>\n<\/li>\n<li>\n<p data-path-to-node=\"9,1,3,0\"><b data-path-to-node=\"9,1,3,0\" data-index-in-node=\"0\">T\u00e9rminos:<\/b> Promoci\u00f3n v\u00e1lida por tiempo limitado o hasta agotar existencias. Precios sujetos a cambios.<\/p>\n<\/li>\n<\/ul>\n","protected":false},"featured_media":127323,"comment_status":"open","ping_status":"closed","template":"","meta":[],"product_brand":[],"product_cat":[4557],"product_tag":[5007,5128],"class_list":{"0":"post-66795","1":"product","2":"type-product","3":"status-publish","4":"has-post-thumbnail","6":"product_cat-led-acc-ind-universal","7":"product_tag-ingresos","8":"product_tag-luz-led","10":"first","11":"instock","12":"sale","13":"shipping-taxable","14":"purchasable","15":"product-type-simple"},"_links":{"self":[{"href":"https:\/\/vicosalta.com.ar\/index.php?rest_route=\/wp\/v2\/product\/66795","targetHints":{"allow":["GET"]}}],"collection":[{"href":"https:\/\/vicosalta.com.ar\/index.php?rest_route=\/wp\/v2\/product"}],"about":[{"href":"https:\/\/vicosalta.com.ar\/index.php?rest_route=\/wp\/v2\/types\/product"}],"replies":[{"embeddable":true,"href":"https:\/\/vicosalta.com.ar\/index.php?rest_route=%2Fwp%2Fv2%2Fcomments&post=66795"}],"version-history":[{"count":7,"href":"https:\/\/vicosalta.com.ar\/index.php?rest_route=\/wp\/v2\/product\/66795\/revisions"}],"predecessor-version":[{"id":127354,"href":"https:\/\/vicosalta.com.ar\/index.php?rest_route=\/wp\/v2\/product\/66795\/revisions\/127354"}],"wp:featuredmedia":[{"embeddable":true,"href":"https:\/\/vicosalta.com.ar\/index.php?rest_route=\/wp\/v2\/media\/127323"}],"wp:attachment":[{"href":"https:\/\/vicosalta.com.ar\/index.php?rest_route=%2Fwp%2Fv2%2Fmedia&parent=66795"}],"wp:term":[{"taxonomy":"product_brand","embeddable":true,"href":"https:\/\/vicosalta.com.ar\/index.php?rest_route=%2Fwp%2Fv2%2Fproduct_brand&post=66795"},{"taxonomy":"product_cat","embeddable":true,"href":"https:\/\/vicosalta.com.ar\/index.php?rest_route=%2Fwp%2Fv2%2Fproduct_cat&post=66795"},{"taxonomy":"product_tag","embeddable":true,"href":"https:\/\/vicosalta.com.ar\/index.php?rest_route=%2Fwp%2Fv2%2Fproduct_tag&post=66795"}],"curies":[{"name":"wp","href":"https:\/\/api.w.org\/{rel}","templated":true}]}}