{"id":133290,"date":"2026-05-05T09:10:22","date_gmt":"2026-05-05T12:10:22","guid":{"rendered":"https:\/\/vicosalta.com.ar\/?product=tank-recta-pesada-tn-g2h"},"modified":"2026-05-05T10:32:11","modified_gmt":"2026-05-05T13:32:11","slug":"tank-recta-pesada-tn-g2h","status":"publish","type":"product","link":"https:\/\/vicosalta.com.ar\/?product=tank-recta-pesada-tn-g2h","title":{"rendered":"TANK RECTA PESADA TN-G2H"},"content":{"rendered":"<p>El precio incluye el servicio de armado de la m\u00e1quina para su retiro directo en el local. Sin embargo, el costo del env\u00edo no est\u00e1 incluido y ser\u00e1 responsabilidad del cliente gestionarlo por separado<\/p>\n","protected":false},"excerpt":{"rendered":"<p>El precio incluye el servicio de armado de la m\u00e1quina para su retiro directo en el local. Sin embargo, el costo del env\u00edo no est\u00e1 incluido y ser\u00e1 responsabilidad del cliente gestionarlo por separado<\/p>\n","protected":false},"featured_media":133287,"comment_status":"open","ping_status":"closed","template":"","meta":[],"product_brand":[],"product_cat":[4754],"product_tag":[5007],"class_list":{"0":"post-133290","1":"product","2":"type-product","3":"status-publish","4":"has-post-thumbnail","6":"product_cat-pesada","7":"product_tag-ingresos","9":"first","10":"instock","11":"sale","12":"shipping-taxable","13":"purchasable","14":"product-type-simple"},"_links":{"self":[{"href":"https:\/\/vicosalta.com.ar\/index.php?rest_route=\/wp\/v2\/product\/133290","targetHints":{"allow":["GET"]}}],"collection":[{"href":"https:\/\/vicosalta.com.ar\/index.php?rest_route=\/wp\/v2\/product"}],"about":[{"href":"https:\/\/vicosalta.com.ar\/index.php?rest_route=\/wp\/v2\/types\/product"}],"replies":[{"embeddable":true,"href":"https:\/\/vicosalta.com.ar\/index.php?rest_route=%2Fwp%2Fv2%2Fcomments&post=133290"}],"version-history":[{"count":1,"href":"https:\/\/vicosalta.com.ar\/index.php?rest_route=\/wp\/v2\/product\/133290\/revisions"}],"predecessor-version":[{"id":133299,"href":"https:\/\/vicosalta.com.ar\/index.php?rest_route=\/wp\/v2\/product\/133290\/revisions\/133299"}],"wp:featuredmedia":[{"embeddable":true,"href":"https:\/\/vicosalta.com.ar\/index.php?rest_route=\/wp\/v2\/media\/133287"}],"wp:attachment":[{"href":"https:\/\/vicosalta.com.ar\/index.php?rest_route=%2Fwp%2Fv2%2Fmedia&parent=133290"}],"wp:term":[{"taxonomy":"product_brand","embeddable":true,"href":"https:\/\/vicosalta.com.ar\/index.php?rest_route=%2Fwp%2Fv2%2Fproduct_brand&post=133290"},{"taxonomy":"product_cat","embeddable":true,"href":"https:\/\/vicosalta.com.ar\/index.php?rest_route=%2Fwp%2Fv2%2Fproduct_cat&post=133290"},{"taxonomy":"product_tag","embeddable":true,"href":"https:\/\/vicosalta.com.ar\/index.php?rest_route=%2Fwp%2Fv2%2Fproduct_tag&post=133290"}],"curies":[{"name":"wp","href":"https:\/\/api.w.org\/{rel}","templated":true}]}}