{"id":132696,"date":"2026-04-15T17:04:24","date_gmt":"2026-04-15T20:04:24","guid":{"rendered":"https:\/\/vicosalta.com.ar\/?product=pano-emprendedor-04"},"modified":"2026-04-15T17:04:24","modified_gmt":"2026-04-15T20:04:24","slug":"pano-emprendedor-04","status":"publish","type":"product","link":"https:\/\/vicosalta.com.ar\/?product=pano-emprendedor-04","title":{"rendered":"PA\u00d1O EMPRENDEDOR 04"},"content":{"rendered":"","protected":false},"excerpt":{"rendered":"<div style=\"box-sizing: border-box; max-width: 600px; width: 100%; margin: 8px auto 10px auto; padding: 12px 14px; border: 1px solid #bfeaf2; border-left: 4px solid #4fc3d9; border-radius: 12px; background: #f4fdff; font-family: system-ui,-apple-system,Segoe UI,Roboto,Arial,sans-serif; color: #1f4e5a;\" role=\"region\" aria-label=\"Promoci\u00f3n liquidaci\u00f3n canel\u00f3n estampado\">\n<div style=\"margin: 0 0 6px 0; font-size: 11px; line-height: 1.2; font-weight: 800; letter-spacing: .5px; text-transform: uppercase; color: #2fa9c2;\">NUEVOS PA\u00d1OS ESTAMPADOS<\/div>\n<div style=\"margin: 0 0 7px 0; font-size: clamp(18px,5vw,22px); line-height: 1.15; font-weight: 900; color: #1f4e5a;\"><em><span style=\"font-weight: 900;\">&#8211; $3.900 por unidad<\/span><\/em><\/div>\n<div style=\"margin: 0 0 7px 0; font-size: clamp(18px,5vw,22px); line-height: 1.15; font-weight: 900; color: #1f4e5a;\"><span style=\"font-weight: 900;\">&#8211; $3.000 c\/u llevando 3 dise\u00f1os! <em><strong>(efectivo transferencia)<\/strong><\/em><\/span><\/div>\n<div style=\"margin: 0; font-size: 13px; line-height: 1.45; color: #1f4e5a;\"><em><strong>Cada pa\u00f1o incluye 14 dise\u00f1os. El pa\u00f1o mide 50.5cm x 140cm<\/strong><\/em><\/div>\n<div style=\"margin: 8px 0 0 0; padding-top: 8px; border-top: 1px solid #cfeff5; font-size: 11px; line-height: 1.35; color: #4f7f89;\"><em>El precio es UNIDAD \u00b7 Stock sujeto a disponibilidad, promocion valida hasta agotar stock o cambios de precios.<\/em><\/div>\n<\/div>\n","protected":false},"featured_media":132563,"comment_status":"open","ping_status":"closed","template":"","meta":[],"product_brand":[],"product_cat":[5221],"product_tag":[5017],"class_list":{"0":"post-132696","1":"product","2":"type-product","3":"status-publish","4":"has-post-thumbnail","6":"product_cat-pano","7":"product_tag-nuevas-telas","9":"first","10":"instock","11":"shipping-taxable","12":"purchasable","13":"product-type-simple"},"_links":{"self":[{"href":"https:\/\/vicosalta.com.ar\/index.php?rest_route=\/wp\/v2\/product\/132696","targetHints":{"allow":["GET"]}}],"collection":[{"href":"https:\/\/vicosalta.com.ar\/index.php?rest_route=\/wp\/v2\/product"}],"about":[{"href":"https:\/\/vicosalta.com.ar\/index.php?rest_route=\/wp\/v2\/types\/product"}],"replies":[{"embeddable":true,"href":"https:\/\/vicosalta.com.ar\/index.php?rest_route=%2Fwp%2Fv2%2Fcomments&post=132696"}],"version-history":[{"count":0,"href":"https:\/\/vicosalta.com.ar\/index.php?rest_route=\/wp\/v2\/product\/132696\/revisions"}],"wp:featuredmedia":[{"embeddable":true,"href":"https:\/\/vicosalta.com.ar\/index.php?rest_route=\/wp\/v2\/media\/132563"}],"wp:attachment":[{"href":"https:\/\/vicosalta.com.ar\/index.php?rest_route=%2Fwp%2Fv2%2Fmedia&parent=132696"}],"wp:term":[{"taxonomy":"product_brand","embeddable":true,"href":"https:\/\/vicosalta.com.ar\/index.php?rest_route=%2Fwp%2Fv2%2Fproduct_brand&post=132696"},{"taxonomy":"product_cat","embeddable":true,"href":"https:\/\/vicosalta.com.ar\/index.php?rest_route=%2Fwp%2Fv2%2Fproduct_cat&post=132696"},{"taxonomy":"product_tag","embeddable":true,"href":"https:\/\/vicosalta.com.ar\/index.php?rest_route=%2Fwp%2Fv2%2Fproduct_tag&post=132696"}],"curies":[{"name":"wp","href":"https:\/\/api.w.org\/{rel}","templated":true}]}}