{"id":130104,"date":"2026-03-17T16:56:45","date_gmt":"2026-03-17T19:56:45","guid":{"rendered":"https:\/\/vicosalta.com.ar\/?product=jack-recta-liviana-automatica-jk-a2c"},"modified":"2026-04-01T10:25:38","modified_gmt":"2026-04-01T13:25:38","slug":"jack-recta-liviana-automatica-jk-a2c","status":"publish","type":"product","link":"https:\/\/vicosalta.com.ar\/?product=jack-recta-liviana-automatica-jk-a2c","title":{"rendered":"JACK RECTA LIVIANA AUTOMATICA &#8211; JK-A2C"},"content":{"rendered":"<p>El precio incluye el servicio de armado de la m\u00e1quina para su retiro directo en el local. Sin embargo, el costo del env\u00edo no est\u00e1 incluido y ser\u00e1 responsabilidad del cliente gestionarlo por separado<\/p>\n","protected":false},"excerpt":{"rendered":"<p>El precio incluye el servicio de armado de la m\u00e1quina para su retiro directo en el local. Sin embargo, el costo del env\u00edo no est\u00e1 incluido y ser\u00e1 responsabilidad del cliente gestionarlo por separado<\/p>\n","protected":false},"featured_media":130099,"comment_status":"open","ping_status":"closed","template":"","meta":[],"product_brand":[],"product_cat":[4753],"product_tag":[],"class_list":{"0":"post-130104","1":"product","2":"type-product","3":"status-publish","4":"has-post-thumbnail","6":"product_cat-liviana","8":"first","9":"instock","10":"sale","11":"shipping-taxable","12":"purchasable","13":"product-type-simple"},"_links":{"self":[{"href":"https:\/\/vicosalta.com.ar\/index.php?rest_route=\/wp\/v2\/product\/130104","targetHints":{"allow":["GET"]}}],"collection":[{"href":"https:\/\/vicosalta.com.ar\/index.php?rest_route=\/wp\/v2\/product"}],"about":[{"href":"https:\/\/vicosalta.com.ar\/index.php?rest_route=\/wp\/v2\/types\/product"}],"replies":[{"embeddable":true,"href":"https:\/\/vicosalta.com.ar\/index.php?rest_route=%2Fwp%2Fv2%2Fcomments&post=130104"}],"version-history":[{"count":0,"href":"https:\/\/vicosalta.com.ar\/index.php?rest_route=\/wp\/v2\/product\/130104\/revisions"}],"wp:featuredmedia":[{"embeddable":true,"href":"https:\/\/vicosalta.com.ar\/index.php?rest_route=\/wp\/v2\/media\/130099"}],"wp:attachment":[{"href":"https:\/\/vicosalta.com.ar\/index.php?rest_route=%2Fwp%2Fv2%2Fmedia&parent=130104"}],"wp:term":[{"taxonomy":"product_brand","embeddable":true,"href":"https:\/\/vicosalta.com.ar\/index.php?rest_route=%2Fwp%2Fv2%2Fproduct_brand&post=130104"},{"taxonomy":"product_cat","embeddable":true,"href":"https:\/\/vicosalta.com.ar\/index.php?rest_route=%2Fwp%2Fv2%2Fproduct_cat&post=130104"},{"taxonomy":"product_tag","embeddable":true,"href":"https:\/\/vicosalta.com.ar\/index.php?rest_route=%2Fwp%2Fv2%2Fproduct_tag&post=130104"}],"curies":[{"name":"wp","href":"https:\/\/api.w.org\/{rel}","templated":true}]}}