{"id":126829,"date":"2026-01-12T15:41:30","date_gmt":"2026-01-12T18:41:30","guid":{"rendered":"https:\/\/vicosalta.com.ar\/?product=ribeteador-p-maquina-recta-26x13mm-l-02-a4"},"modified":"2026-01-12T15:41:30","modified_gmt":"2026-01-12T18:41:30","slug":"ribeteador-p-maquina-recta-26x13mm-l-02-a4","status":"publish","type":"product","link":"https:\/\/vicosalta.com.ar\/?product=ribeteador-p-maquina-recta-26x13mm-l-02-a4","title":{"rendered":"RIBETEADOR P\/MAQUINA RECTA 26X13mm &#8211; L-02\/A4"},"content":{"rendered":"<p>Pie para m\u00e1quina de coser industrial: este pr\u00e1ctico accesorio facilita la colocaci\u00f3n de cinta al bies de forma r\u00e1pida y sencilla, garantizando un acabado prolijo y centrado sin esfuerzo. Con este pie, lograr\u00e1s un acabado de alta calidad en cada proyecto, optimizando tiempo y resultados. No incluye tornillos, para la colocacion en la mesa. Medida 30x15mm<\/p>\n","protected":false},"excerpt":{"rendered":"<p>Pie para m\u00e1quina de coser industrial: este pr\u00e1ctico accesorio facilita la colocaci\u00f3n de cinta al bies de forma r\u00e1pida y sencilla, garantizando un acabado prolijo y centrado sin esfuerzo. Con este pie, lograr\u00e1s un acabado de alta calidad en cada proyecto, optimizando tiempo y resultados. No incluye tornillos, para la colocacion en la mesa. Medida [&hellip;]<\/p>\n","protected":false},"featured_media":88995,"comment_status":"open","ping_status":"closed","template":"","meta":[],"product_brand":[],"product_cat":[4987],"product_tag":[4989],"class_list":{"0":"post-126829","1":"product","2":"type-product","3":"status-publish","4":"has-post-thumbnail","6":"product_cat-dobladilladores","7":"product_tag-guia-para-recta","9":"first","10":"instock","11":"shipping-taxable","12":"purchasable","13":"product-type-simple"},"_links":{"self":[{"href":"https:\/\/vicosalta.com.ar\/index.php?rest_route=\/wp\/v2\/product\/126829","targetHints":{"allow":["GET"]}}],"collection":[{"href":"https:\/\/vicosalta.com.ar\/index.php?rest_route=\/wp\/v2\/product"}],"about":[{"href":"https:\/\/vicosalta.com.ar\/index.php?rest_route=\/wp\/v2\/types\/product"}],"replies":[{"embeddable":true,"href":"https:\/\/vicosalta.com.ar\/index.php?rest_route=%2Fwp%2Fv2%2Fcomments&post=126829"}],"version-history":[{"count":0,"href":"https:\/\/vicosalta.com.ar\/index.php?rest_route=\/wp\/v2\/product\/126829\/revisions"}],"wp:featuredmedia":[{"embeddable":true,"href":"https:\/\/vicosalta.com.ar\/index.php?rest_route=\/wp\/v2\/media\/88995"}],"wp:attachment":[{"href":"https:\/\/vicosalta.com.ar\/index.php?rest_route=%2Fwp%2Fv2%2Fmedia&parent=126829"}],"wp:term":[{"taxonomy":"product_brand","embeddable":true,"href":"https:\/\/vicosalta.com.ar\/index.php?rest_route=%2Fwp%2Fv2%2Fproduct_brand&post=126829"},{"taxonomy":"product_cat","embeddable":true,"href":"https:\/\/vicosalta.com.ar\/index.php?rest_route=%2Fwp%2Fv2%2Fproduct_cat&post=126829"},{"taxonomy":"product_tag","embeddable":true,"href":"https:\/\/vicosalta.com.ar\/index.php?rest_route=%2Fwp%2Fv2%2Fproduct_tag&post=126829"}],"curies":[{"name":"wp","href":"https:\/\/api.w.org\/{rel}","templated":true}]}}