{"id":122965,"date":"2025-10-31T17:34:37","date_gmt":"2025-10-31T20:34:37","guid":{"rendered":"https:\/\/vicosalta.com.ar\/?post_type=product&#038;p=122965"},"modified":"2025-12-24T16:04:08","modified_gmt":"2025-12-24T19:04:08","slug":"kit-de-punteras-6-punteras","status":"publish","type":"product","link":"https:\/\/vicosalta.com.ar\/?product=kit-de-punteras-6-punteras","title":{"rendered":"KIT DE PUNTERAS (6 PUNTERAS)"},"content":{"rendered":"<p>Pack de moldes para punteras \u2014 pr\u00e1ctico y vers\u00e1til para marroquiner\u00eda y accesorios.<\/p>\n","protected":false},"excerpt":{"rendered":"<h5><strong>PUNTERAS MULTIUSOS &#8211; Incluye 6 unidades con 3 modelos diferentes en medidas de 30 mm y 40 mm.<br \/>\n<\/strong><\/h5>\n<hr \/>\n<h5>Las punteras de 30 mm se adaptan a mosquetones de 20 mm, mientras que las de 40 mm son ideales para mosquetones de 25 mm.<br \/>\nCada molde permite colocar remaches de 8 mm de di\u00e1metro, garantizando un acabado firme y prolijo.<\/h5>\n","protected":false},"featured_media":122956,"comment_status":"open","ping_status":"closed","template":"","meta":[],"product_brand":[],"product_cat":[5064,5189,5192],"product_tag":[5007],"class_list":{"0":"post-122965","1":"product","2":"type-product","3":"status-publish","4":"has-post-thumbnail","6":"product_cat-reglas","7":"product_cat-reglas-accesorios","8":"product_cat-sublimables","9":"product_tag-ingresos","11":"first","12":"instock","13":"shipping-taxable","14":"purchasable","15":"product-type-variable"},"_links":{"self":[{"href":"https:\/\/vicosalta.com.ar\/index.php?rest_route=\/wp\/v2\/product\/122965","targetHints":{"allow":["GET"]}}],"collection":[{"href":"https:\/\/vicosalta.com.ar\/index.php?rest_route=\/wp\/v2\/product"}],"about":[{"href":"https:\/\/vicosalta.com.ar\/index.php?rest_route=\/wp\/v2\/types\/product"}],"replies":[{"embeddable":true,"href":"https:\/\/vicosalta.com.ar\/index.php?rest_route=%2Fwp%2Fv2%2Fcomments&post=122965"}],"version-history":[{"count":2,"href":"https:\/\/vicosalta.com.ar\/index.php?rest_route=\/wp\/v2\/product\/122965\/revisions"}],"predecessor-version":[{"id":122969,"href":"https:\/\/vicosalta.com.ar\/index.php?rest_route=\/wp\/v2\/product\/122965\/revisions\/122969"}],"wp:featuredmedia":[{"embeddable":true,"href":"https:\/\/vicosalta.com.ar\/index.php?rest_route=\/wp\/v2\/media\/122956"}],"wp:attachment":[{"href":"https:\/\/vicosalta.com.ar\/index.php?rest_route=%2Fwp%2Fv2%2Fmedia&parent=122965"}],"wp:term":[{"taxonomy":"product_brand","embeddable":true,"href":"https:\/\/vicosalta.com.ar\/index.php?rest_route=%2Fwp%2Fv2%2Fproduct_brand&post=122965"},{"taxonomy":"product_cat","embeddable":true,"href":"https:\/\/vicosalta.com.ar\/index.php?rest_route=%2Fwp%2Fv2%2Fproduct_cat&post=122965"},{"taxonomy":"product_tag","embeddable":true,"href":"https:\/\/vicosalta.com.ar\/index.php?rest_route=%2Fwp%2Fv2%2Fproduct_tag&post=122965"}],"curies":[{"name":"wp","href":"https:\/\/api.w.org\/{rel}","templated":true}]}}