{"id":119853,"date":"2025-10-04T12:45:28","date_gmt":"2025-10-04T15:45:28","guid":{"rendered":"https:\/\/vicosalta.com.ar\/?post_type=product&#038;p=119853"},"modified":"2025-10-06T15:53:52","modified_gmt":"2025-10-06T18:53:52","slug":"hilo-de-bordar-mh-4000-metros","status":"publish","type":"product","link":"https:\/\/vicosalta.com.ar\/?product=hilo-de-bordar-mh-4000-metros","title":{"rendered":"HILO DE BORDAR MH 4000 METROS"},"content":{"rendered":"<div class=\"ng-tns-c256135399-39\">\n<section id=\"processing-state-3\" class=\"processing-state_container ng-tns-c256135399-39 is-gpi-avatar ng-trigger ng-trigger-processingStateShowHide ng-star-inserted is-done-processing\">\n<div id=\"processing-state-3-summary\" class=\"processing-state_details ng-trigger ng-trigger-menuExpansion ng-tns-c256135399-39 is-gpi-avatar ng-star-inserted\" aria-hidden=\"true\">\n<p><span style=\"font-size: 2em;\">Hilo de Bordar MH &#8211; Cono de 4000 Metros<\/span><\/p>\n<p>El <b>Hilo de Bordar MH<\/b> es una opci\u00f3n de <b>alta calidad y alto rendimiento<\/b>, ideal tanto para <b>m\u00e1quinas bordadoras industriales de alta velocidad<\/b> como para m\u00e1quinas familiares. Se presenta en un pr\u00e1ctico <b>cono de 4000 metros<\/b> que asegura un trabajo prolongado sin interrupciones por cambio de carrete.<\/p>\n<p><span style=\"font-size: 1.618em;\">Caracter\u00edsticas Principales<\/span><\/p>\n<\/div>\n<\/section>\n<\/div>\n<div class=\"response-content ng-tns-c3460882200-38\">\n<div id=\"model-response-message-contentr_29787a473391b9e8\" class=\"markdown markdown-main-panel enable-updated-hr-color\" dir=\"ltr\">\n<ul>\n<li><b>Composici\u00f3n:<\/b> Es <b>100% Poli\u00e9ster<\/b><\/li>\n<li><b>Presentaci\u00f3n:<\/b> Cono de <b>4000 metros<\/b> (o 4000 yardas, que es una medida similar).<\/li>\n<li><b>T\u00edtulo\/Densidad Com\u00fan:<\/b> Una especificaci\u00f3n muy habitual para el bordado es <b>120D\/2<\/b> (Denier\/2 cabos), que indica un grosor est\u00e1ndar y vers\u00e1til.<\/li>\n<li><b>Acabado:<\/b> Posee un <b>acabado brillante<\/b> y un <b>tacto suave<\/b>, lo que le da un aspecto profesional y vibrante a los dise\u00f1os de bordado.<\/li>\n<\/ul>\n<h3>Ventajas y Rendimiento<\/h3>\n<p>Este hilo es altamente valorado por sus propiedades que garantizan bordados de calidad y una experiencia de trabajo eficiente:<\/p>\n<ul>\n<li><b>Alta Resistencia:<\/b> Est\u00e1 dise\u00f1ado para ser <b>duradero y de alta tenacidad<\/b>, lo que minimiza la rotura del hilo durante el bordado de alta velocidad.<\/li>\n<li><b>Excelente Solidez del Color:<\/b> Mantiene sus <b>colores brillantes y vibrantes<\/b> incluso despu\u00e9s de lavados o exposiciones, incluyendo resistencia al cloro en el caso del poli\u00e9ster.<\/li>\n<li><b>Baja Contracci\u00f3n:<\/b> Asegura que el bordado mantenga su forma y tama\u00f1o sin encogerse excesivamente.<\/li>\n<li><b>Amplia Gama de Colores:<\/b> Disponible en un <b>extenso cat\u00e1logo de colores<\/b> para adaptarse a cualquier dise\u00f1o.<\/li>\n<li><b>Versatilidad de Aplicaci\u00f3n:<\/b> Es perfecto para bordar logotipos, dise\u00f1os en ropa deportiva, jeans, ropa de trabajo, gorras, uniformes, lencer\u00eda y una gran variedad de tejidos (algod\u00f3n, sint\u00e9ticos, etc.).<\/li>\n<\/ul>\n<\/div>\n<\/div>\n","protected":false},"excerpt":{"rendered":"<p>Hilo de Bordar MH &#8211; Cono de 4000 Metros El Hilo de Bordar MH es una opci\u00f3n de alta calidad y alto rendimiento, ideal tanto para m\u00e1quinas bordadoras industriales de alta velocidad como para m\u00e1quinas familiares. Se presenta en un pr\u00e1ctico cono de 4000 metros que asegura un trabajo prolongado sin interrupciones por cambio de [&hellip;]<\/p>\n","protected":false},"featured_media":119851,"comment_status":"open","ping_status":"closed","template":"","meta":[],"product_brand":[],"product_cat":[4543],"product_tag":[],"class_list":{"0":"post-119853","1":"product","2":"type-product","3":"status-publish","4":"has-post-thumbnail","6":"product_cat-mh-bordar-hilos-ins-merceria","8":"first","9":"instock","10":"shipping-taxable","11":"purchasable","12":"product-type-variable"},"_links":{"self":[{"href":"https:\/\/vicosalta.com.ar\/index.php?rest_route=\/wp\/v2\/product\/119853","targetHints":{"allow":["GET"]}}],"collection":[{"href":"https:\/\/vicosalta.com.ar\/index.php?rest_route=\/wp\/v2\/product"}],"about":[{"href":"https:\/\/vicosalta.com.ar\/index.php?rest_route=\/wp\/v2\/types\/product"}],"replies":[{"embeddable":true,"href":"https:\/\/vicosalta.com.ar\/index.php?rest_route=%2Fwp%2Fv2%2Fcomments&post=119853"}],"version-history":[{"count":5,"href":"https:\/\/vicosalta.com.ar\/index.php?rest_route=\/wp\/v2\/product\/119853\/revisions"}],"predecessor-version":[{"id":120077,"href":"https:\/\/vicosalta.com.ar\/index.php?rest_route=\/wp\/v2\/product\/119853\/revisions\/120077"}],"wp:featuredmedia":[{"embeddable":true,"href":"https:\/\/vicosalta.com.ar\/index.php?rest_route=\/wp\/v2\/media\/119851"}],"wp:attachment":[{"href":"https:\/\/vicosalta.com.ar\/index.php?rest_route=%2Fwp%2Fv2%2Fmedia&parent=119853"}],"wp:term":[{"taxonomy":"product_brand","embeddable":true,"href":"https:\/\/vicosalta.com.ar\/index.php?rest_route=%2Fwp%2Fv2%2Fproduct_brand&post=119853"},{"taxonomy":"product_cat","embeddable":true,"href":"https:\/\/vicosalta.com.ar\/index.php?rest_route=%2Fwp%2Fv2%2Fproduct_cat&post=119853"},{"taxonomy":"product_tag","embeddable":true,"href":"https:\/\/vicosalta.com.ar\/index.php?rest_route=%2Fwp%2Fv2%2Fproduct_tag&post=119853"}],"curies":[{"name":"wp","href":"https:\/\/api.w.org\/{rel}","templated":true}]}}