{"id":119599,"date":"2025-10-01T16:28:50","date_gmt":"2025-10-01T19:28:50","guid":{"rendered":"https:\/\/vicosalta.com.ar\/?post_type=product&#038;p=119599"},"modified":"2026-02-09T16:41:41","modified_gmt":"2026-02-09T19:41:41","slug":"hilo-de-recta-mh-2000-yardas","status":"publish","type":"product","link":"https:\/\/vicosalta.com.ar\/?product=hilo-de-recta-mh-2000-yardas","title":{"rendered":"HILO DE RECTA MH 2000 YARDAS"},"content":{"rendered":"<p data-start=\"107\" data-end=\"409\"><strong data-start=\"107\" data-end=\"140\">Hilo MH para Recta Industrial<\/strong><br data-start=\"140\" data-end=\"143\" \/>El hilo MH es un hilo de poli\u00e9ster continuo de alta resistencia, especialmente dise\u00f1ado para m\u00e1quinas de coser rectas industriales. Su torsi\u00f3n uniforme y excelente deslizamiento lo convierten en la opci\u00f3n ideal para costuras firmes, prolijas y de gran durabilidad.<\/p>\n<p data-start=\"411\" data-end=\"434\"><strong data-start=\"411\" data-end=\"432\">Usos principales:<\/strong><\/p>\n<ul data-start=\"435\" data-end=\"815\">\n<li data-start=\"435\" data-end=\"509\">\n<p data-start=\"437\" data-end=\"509\">Confecci\u00f3n de prendas de vestir en telas livianas, medianas y pesadas.<\/p>\n<\/li>\n<li data-start=\"510\" data-end=\"588\">\n<p data-start=\"512\" data-end=\"588\">Costura recta en jeans, camisas, uniformes, ropa de trabajo y moda urbana.<\/p>\n<\/li>\n<li data-start=\"589\" data-end=\"660\">\n<p data-start=\"591\" data-end=\"660\">Producci\u00f3n de marroquiner\u00eda liviana (bolsos, mochilas, accesorios).<\/p>\n<\/li>\n<li data-start=\"661\" data-end=\"742\">\n<p data-start=\"663\" data-end=\"742\">Costuras que requieren resistencia al desgaste y buena presentaci\u00f3n est\u00e9tica.<\/p>\n<\/li>\n<li data-start=\"743\" data-end=\"815\">\n<p data-start=\"745\" data-end=\"815\">Trabajos en tapicer\u00eda liviana y art\u00edculos textiles de uso cotidiano.<\/p>\n<\/li>\n<\/ul>\n<p data-start=\"817\" data-end=\"832\"><strong data-start=\"817\" data-end=\"830\">Ventajas:<\/strong><\/p>\n<ul data-start=\"833\" data-end=\"992\">\n<li data-start=\"833\" data-end=\"879\">\n<p data-start=\"835\" data-end=\"879\">Alta resistencia al corte y a la fricci\u00f3n.<\/p>\n<\/li>\n<li data-start=\"880\" data-end=\"921\">\n<p data-start=\"882\" data-end=\"921\">Colores firmes con acabado brillante.<\/p>\n<\/li>\n<li data-start=\"922\" data-end=\"992\">\n<p data-start=\"924\" data-end=\"992\">Compatible con altas velocidades de costura sin cortes ni enredos.<\/p>\n<\/li>\n<\/ul>\n<p data-start=\"994\" data-end=\"1109\">Ideal para talleres y f\u00e1bricas que buscan un <strong data-start=\"1039\" data-end=\"1068\">hilo confiable y vers\u00e1til<\/strong> en m\u00e1quinas rectas de alta producci\u00f3n.<\/p>\n","protected":false},"excerpt":{"rendered":"<p>Hilo MH para Recta IndustrialEl hilo MH es un hilo de poli\u00e9ster continuo de alta resistencia, especialmente dise\u00f1ado para m\u00e1quinas de coser rectas industriales. Su torsi\u00f3n uniforme y excelente deslizamiento lo convierten en la opci\u00f3n ideal para costuras firmes, prolijas y de gran durabilidad. Usos principales: Confecci\u00f3n de prendas de vestir en telas livianas, medianas [&hellip;]<\/p>\n","protected":false},"featured_media":78189,"comment_status":"open","ping_status":"closed","template":"","meta":[],"product_brand":[],"product_cat":[4436],"product_tag":[],"class_list":{"0":"post-119599","1":"product","2":"type-product","3":"status-publish","4":"has-post-thumbnail","6":"product_cat-mh","8":"first","9":"instock","10":"sale","11":"shipping-taxable","12":"purchasable","13":"product-type-variable"},"_links":{"self":[{"href":"https:\/\/vicosalta.com.ar\/index.php?rest_route=\/wp\/v2\/product\/119599","targetHints":{"allow":["GET"]}}],"collection":[{"href":"https:\/\/vicosalta.com.ar\/index.php?rest_route=\/wp\/v2\/product"}],"about":[{"href":"https:\/\/vicosalta.com.ar\/index.php?rest_route=\/wp\/v2\/types\/product"}],"replies":[{"embeddable":true,"href":"https:\/\/vicosalta.com.ar\/index.php?rest_route=%2Fwp%2Fv2%2Fcomments&post=119599"}],"version-history":[{"count":2,"href":"https:\/\/vicosalta.com.ar\/index.php?rest_route=\/wp\/v2\/product\/119599\/revisions"}],"predecessor-version":[{"id":119747,"href":"https:\/\/vicosalta.com.ar\/index.php?rest_route=\/wp\/v2\/product\/119599\/revisions\/119747"}],"wp:featuredmedia":[{"embeddable":true,"href":"https:\/\/vicosalta.com.ar\/index.php?rest_route=\/wp\/v2\/media\/78189"}],"wp:attachment":[{"href":"https:\/\/vicosalta.com.ar\/index.php?rest_route=%2Fwp%2Fv2%2Fmedia&parent=119599"}],"wp:term":[{"taxonomy":"product_brand","embeddable":true,"href":"https:\/\/vicosalta.com.ar\/index.php?rest_route=%2Fwp%2Fv2%2Fproduct_brand&post=119599"},{"taxonomy":"product_cat","embeddable":true,"href":"https:\/\/vicosalta.com.ar\/index.php?rest_route=%2Fwp%2Fv2%2Fproduct_cat&post=119599"},{"taxonomy":"product_tag","embeddable":true,"href":"https:\/\/vicosalta.com.ar\/index.php?rest_route=%2Fwp%2Fv2%2Fproduct_tag&post=119599"}],"curies":[{"name":"wp","href":"https:\/\/api.w.org\/{rel}","templated":true}]}}