{"id":119282,"date":"2025-10-01T14:00:45","date_gmt":"2025-10-01T17:00:45","guid":{"rendered":"https:\/\/vicosalta.com.ar\/?post_type=product&#038;p=119282"},"modified":"2025-12-05T21:38:39","modified_gmt":"2025-12-06T00:38:39","slug":"hilo-de-recta-caiman-4000-metros","status":"publish","type":"product","link":"https:\/\/vicosalta.com.ar\/?product=hilo-de-recta-caiman-4000-metros","title":{"rendered":"HILO DE RECTA CAIMAN 4000 METROS"},"content":{"rendered":"<p><strong>Hilo para maquina de coser. Hilo de recta, cono de 4000 metros<\/strong><\/p>\n<p data-start=\"154\" data-end=\"404\">El hilo CAIMAN es un hilo 100% poli\u00e9ster de alta calidad, desarrollado especialmente para m\u00e1quinas rectas industriales. Su composici\u00f3n lo hace resistente, uniforme y confiable en costuras de alto rendimiento.<\/p>\n<p data-start=\"406\" data-end=\"429\"><strong data-start=\"406\" data-end=\"427\">Usos principales:<\/strong><\/p>\n<ul data-start=\"430\" data-end=\"757\">\n<li data-start=\"430\" data-end=\"527\">\n<p data-start=\"432\" data-end=\"527\">Costura recta en prendas de vestir: remeras, camisas, pantalones, uniformes y ropa deportiva.<\/p>\n<\/li>\n<li data-start=\"528\" data-end=\"600\">\n<p data-start=\"530\" data-end=\"600\">Confecci\u00f3n de art\u00edculos de marroquiner\u00eda liviana, bolsos y mochilas.<\/p>\n<\/li>\n<li data-start=\"601\" data-end=\"681\">\n<p data-start=\"603\" data-end=\"681\">Trabajos en tapicer\u00eda y accesorios textiles que requieren buena terminaci\u00f3n.<\/p>\n<\/li>\n<li data-start=\"682\" data-end=\"757\">\n<p data-start=\"684\" data-end=\"757\">Costuras resistentes en telas de uso cotidiano y producciones seriadas.<\/p>\n<\/li>\n<\/ul>\n<p data-start=\"759\" data-end=\"774\"><strong data-start=\"759\" data-end=\"772\">Ventajas:<\/strong><\/p>\n<ul data-start=\"775\" data-end=\"974\">\n<li data-start=\"775\" data-end=\"824\">\n<p data-start=\"777\" data-end=\"824\">Gran resistencia a la tracci\u00f3n y al desgaste.<\/p>\n<\/li>\n<li data-start=\"825\" data-end=\"869\">\n<p data-start=\"827\" data-end=\"869\">Excelente estabilidad de color y brillo.<\/p>\n<\/li>\n<li data-start=\"870\" data-end=\"925\">\n<p data-start=\"872\" data-end=\"925\">Deslizamiento fluido en m\u00e1quinas de alta velocidad.<\/p>\n<\/li>\n<li data-start=\"926\" data-end=\"974\">\n<p data-start=\"928\" data-end=\"974\">Versatilidad para diferentes tipos de telas.<\/p>\n<\/li>\n<\/ul>\n<p data-start=\"976\" data-end=\"1127\">Ideal para talleres y f\u00e1bricas que buscan un hilo de poli\u00e9ster confiable, vers\u00e1til y adaptado a la exigencia de las <strong data-start=\"1092\" data-end=\"1124\">m\u00e1quinas rectas industriales<\/strong>.<\/p>\n","protected":false},"excerpt":{"rendered":"<p>Hilo para maquina de coser. Hilo de recta, cono de 4000 metros El hilo CAIMAN es un hilo 100% poli\u00e9ster de alta calidad, desarrollado especialmente para m\u00e1quinas rectas industriales. Su composici\u00f3n lo hace resistente, uniforme y confiable en costuras de alto rendimiento. Usos principales: Costura recta en prendas de vestir: remeras, camisas, pantalones, uniformes y [&hellip;]<\/p>\n","protected":false},"featured_media":78371,"comment_status":"open","ping_status":"closed","template":"","meta":[],"product_brand":[],"product_cat":[4438],"product_tag":[],"class_list":{"0":"post-119282","1":"product","2":"type-product","3":"status-publish","4":"has-post-thumbnail","6":"product_cat-caiman","8":"first","9":"instock","10":"shipping-taxable","11":"purchasable","12":"product-type-variable"},"_links":{"self":[{"href":"https:\/\/vicosalta.com.ar\/index.php?rest_route=\/wp\/v2\/product\/119282","targetHints":{"allow":["GET"]}}],"collection":[{"href":"https:\/\/vicosalta.com.ar\/index.php?rest_route=\/wp\/v2\/product"}],"about":[{"href":"https:\/\/vicosalta.com.ar\/index.php?rest_route=\/wp\/v2\/types\/product"}],"replies":[{"embeddable":true,"href":"https:\/\/vicosalta.com.ar\/index.php?rest_route=%2Fwp%2Fv2%2Fcomments&post=119282"}],"version-history":[{"count":2,"href":"https:\/\/vicosalta.com.ar\/index.php?rest_route=\/wp\/v2\/product\/119282\/revisions"}],"predecessor-version":[{"id":119596,"href":"https:\/\/vicosalta.com.ar\/index.php?rest_route=\/wp\/v2\/product\/119282\/revisions\/119596"}],"wp:featuredmedia":[{"embeddable":true,"href":"https:\/\/vicosalta.com.ar\/index.php?rest_route=\/wp\/v2\/media\/78371"}],"wp:attachment":[{"href":"https:\/\/vicosalta.com.ar\/index.php?rest_route=%2Fwp%2Fv2%2Fmedia&parent=119282"}],"wp:term":[{"taxonomy":"product_brand","embeddable":true,"href":"https:\/\/vicosalta.com.ar\/index.php?rest_route=%2Fwp%2Fv2%2Fproduct_brand&post=119282"},{"taxonomy":"product_cat","embeddable":true,"href":"https:\/\/vicosalta.com.ar\/index.php?rest_route=%2Fwp%2Fv2%2Fproduct_cat&post=119282"},{"taxonomy":"product_tag","embeddable":true,"href":"https:\/\/vicosalta.com.ar\/index.php?rest_route=%2Fwp%2Fv2%2Fproduct_tag&post=119282"}],"curies":[{"name":"wp","href":"https:\/\/api.w.org\/{rel}","templated":true}]}}