{"id":118865,"date":"2025-09-26T16:30:33","date_gmt":"2025-09-26T19:30:33","guid":{"rendered":"https:\/\/vicosalta.com.ar\/?post_type=product&#038;p=118865"},"modified":"2026-01-23T11:54:49","modified_gmt":"2026-01-23T14:54:49","slug":"cordura-melange-nueva-gris","status":"publish","type":"product","link":"https:\/\/vicosalta.com.ar\/?product=cordura-melange-nueva-gris","title":{"rendered":"CORDURA MELANGE NUEVA &#8211; GRIS"},"content":{"rendered":"","protected":false},"excerpt":{"rendered":"<p>Atenci\u00f3n: esta tela pas\u00f3 a liquidaci\u00f3n y qued\u00f3 a precio mayorista.<br \/>\nEl valor que antes consegu\u00edas \u00fanicamente llevando 5 metros, ahora lo obten\u00e9s llevando 1 metro.<br \/>\nPor tiempo limitado, est\u00e1s comprando este art\u00edculo a mayorista!<br \/>\nPromocion valida hasta agotar stock o sufrir modifaciones de precio.<\/p>\n","protected":false},"featured_media":118712,"comment_status":"open","ping_status":"closed","template":"","meta":[],"product_brand":[],"product_cat":[4237],"product_tag":[5200],"class_list":{"0":"post-118865","1":"product","2":"type-product","3":"status-publish","4":"has-post-thumbnail","6":"product_cat-melange","7":"product_tag-liquidacion","9":"first","10":"instock","11":"sale","12":"shipping-taxable","13":"purchasable","14":"product-type-variable"},"_links":{"self":[{"href":"https:\/\/vicosalta.com.ar\/index.php?rest_route=\/wp\/v2\/product\/118865","targetHints":{"allow":["GET"]}}],"collection":[{"href":"https:\/\/vicosalta.com.ar\/index.php?rest_route=\/wp\/v2\/product"}],"about":[{"href":"https:\/\/vicosalta.com.ar\/index.php?rest_route=\/wp\/v2\/types\/product"}],"replies":[{"embeddable":true,"href":"https:\/\/vicosalta.com.ar\/index.php?rest_route=%2Fwp%2Fv2%2Fcomments&post=118865"}],"version-history":[{"count":2,"href":"https:\/\/vicosalta.com.ar\/index.php?rest_route=\/wp\/v2\/product\/118865\/revisions"}],"predecessor-version":[{"id":124529,"href":"https:\/\/vicosalta.com.ar\/index.php?rest_route=\/wp\/v2\/product\/118865\/revisions\/124529"}],"wp:featuredmedia":[{"embeddable":true,"href":"https:\/\/vicosalta.com.ar\/index.php?rest_route=\/wp\/v2\/media\/118712"}],"wp:attachment":[{"href":"https:\/\/vicosalta.com.ar\/index.php?rest_route=%2Fwp%2Fv2%2Fmedia&parent=118865"}],"wp:term":[{"taxonomy":"product_brand","embeddable":true,"href":"https:\/\/vicosalta.com.ar\/index.php?rest_route=%2Fwp%2Fv2%2Fproduct_brand&post=118865"},{"taxonomy":"product_cat","embeddable":true,"href":"https:\/\/vicosalta.com.ar\/index.php?rest_route=%2Fwp%2Fv2%2Fproduct_cat&post=118865"},{"taxonomy":"product_tag","embeddable":true,"href":"https:\/\/vicosalta.com.ar\/index.php?rest_route=%2Fwp%2Fv2%2Fproduct_tag&post=118865"}],"curies":[{"name":"wp","href":"https:\/\/api.w.org\/{rel}","templated":true}]}}