{"id":117345,"date":"2025-09-05T16:59:30","date_gmt":"2025-09-05T19:59:30","guid":{"rendered":"https:\/\/vicosalta.com.ar\/?post_type=product&#038;p=117345"},"modified":"2026-04-01T17:12:00","modified_gmt":"2026-04-01T20:12:00","slug":"cinta-sublimada-eco-p30cs-color-013","status":"publish","type":"product","link":"https:\/\/vicosalta.com.ar\/?product=cinta-sublimada-eco-p30cs-color-013","title":{"rendered":"CINTA SUBLIMADA ECO P30CS-COLOR-013"},"content":{"rendered":"<div style=\"box-sizing: border-box; max-width: 600px; width: 100%; margin: 8px auto 10px auto; padding: 12px 14px; border: 1px solid #e7c6a4; border-left: 4px solid #b97845; border-radius: 12px; background: #fffaf4; font-family: system-ui,-apple-system,Segoe UI,Roboto,Arial,sans-serif; color: #4b2a1a;\" role=\"region\" aria-label=\"Promoci\u00f3n liquidaci\u00f3n canel\u00f3n estampado\">\n<div style=\"margin: 0 0 6px 0; font-size: 11px; line-height: 1.2; font-weight: 800; letter-spacing: .5px; text-transform: uppercase; color: #9a6038;\">Liquidaci\u00f3n \u00b7 Contado \/ Transferencia<\/div>\n<div style=\"margin: 0 0 7px 0; font-size: clamp(18px,5vw,22px); line-height: 1.15; font-weight: 900; color: #4b2a1a;\">$6.000 <strong>promo por rollo!<\/strong><\/div>\n<div style=\"margin: 0; font-size: 13px; line-height: 1.45; color: #4b2a1a;\">Antes este beneficio se aplicaba llevando <strong>3<\/strong><b> rollos.<\/b>\u00a0Ahora te lo aplicamos <b>desde 1 rollo<\/b>.<br \/>\n<strong><em>Habilitamos la venta por metro! \ud83d\udce2 Unicamente de manera presencial en nuestro local.<\/em><\/strong><\/div>\n<div style=\"margin: 8px 0 0 0; padding-top: 8px; border-top: 1px solid #edd1b0; font-size: 11px; line-height: 1.35; color: #6b5245;\"><em>Precio <b>por rollo de 10 mts<\/b>\u00a0\u00b7 Stock sujeto a disponibilidad, promocion valida hasta agotar stock o cambios de precios.<\/em><\/div>\n<\/div>\n","protected":false},"excerpt":{"rendered":"<div style=\"box-sizing: border-box; max-width: 600px; width: 100%; margin: 8px auto 10px auto; padding: 12px 14px; border: 1px solid #e7c6a4; border-left: 4px solid #b97845; border-radius: 12px; background: #fffaf4; font-family: system-ui,-apple-system,Segoe UI,Roboto,Arial,sans-serif; color: #4b2a1a;\" role=\"region\" aria-label=\"Promoci\u00f3n liquidaci\u00f3n canel\u00f3n estampado\">\n<div style=\"margin: 0 0 6px 0; font-size: 11px; line-height: 1.2; font-weight: 800; letter-spacing: .5px; text-transform: uppercase; color: #9a6038;\">Liquidaci\u00f3n \u00b7 Contado \/ Transferencia<\/div>\n<div style=\"margin: 0 0 7px 0; font-size: clamp(18px,5vw,22px); line-height: 1.15; font-weight: 900; color: #4b2a1a;\">$6.000 <strong>promo por rollo!<\/strong><\/div>\n<div style=\"margin: 0; font-size: 13px; line-height: 1.45; color: #4b2a1a;\">Antes este beneficio se aplicaba llevando <strong>3<\/strong><b> rollos.<\/b>\u00a0Ahora te lo aplicamos <b>desde 1 rollo<\/b>.<br \/>\n<strong><em>Habilitamos la venta por metro! \ud83d\udce2 Unicamente de manera presencial en nuestro local.<\/em><\/strong><\/div>\n<div style=\"margin: 8px 0 0 0; padding-top: 8px; border-top: 1px solid #edd1b0; font-size: 11px; line-height: 1.35; color: #6b5245;\"><em>Precio <b>por rollo de 10 mts<\/b>\u00a0\u00b7 Stock sujeto a disponibilidad, promocion valida hasta agotar stock o cambios de precios.<\/em><\/div>\n<\/div>\n","protected":false},"featured_media":117107,"comment_status":"open","ping_status":"closed","template":"","meta":[],"product_brand":[],"product_cat":[5115],"product_tag":[5163,5162],"class_list":{"0":"post-117345","1":"product","2":"type-product","3":"status-publish","4":"has-post-thumbnail","6":"product_cat-p30","7":"product_tag-colores","8":"product_tag-tanda-nueva","10":"first","11":"instock","12":"sale","13":"shipping-taxable","14":"purchasable","15":"product-type-variable"},"_links":{"self":[{"href":"https:\/\/vicosalta.com.ar\/index.php?rest_route=\/wp\/v2\/product\/117345","targetHints":{"allow":["GET"]}}],"collection":[{"href":"https:\/\/vicosalta.com.ar\/index.php?rest_route=\/wp\/v2\/product"}],"about":[{"href":"https:\/\/vicosalta.com.ar\/index.php?rest_route=\/wp\/v2\/types\/product"}],"replies":[{"embeddable":true,"href":"https:\/\/vicosalta.com.ar\/index.php?rest_route=%2Fwp%2Fv2%2Fcomments&post=117345"}],"version-history":[{"count":7,"href":"https:\/\/vicosalta.com.ar\/index.php?rest_route=\/wp\/v2\/product\/117345\/revisions"}],"predecessor-version":[{"id":131928,"href":"https:\/\/vicosalta.com.ar\/index.php?rest_route=\/wp\/v2\/product\/117345\/revisions\/131928"}],"wp:featuredmedia":[{"embeddable":true,"href":"https:\/\/vicosalta.com.ar\/index.php?rest_route=\/wp\/v2\/media\/117107"}],"wp:attachment":[{"href":"https:\/\/vicosalta.com.ar\/index.php?rest_route=%2Fwp%2Fv2%2Fmedia&parent=117345"}],"wp:term":[{"taxonomy":"product_brand","embeddable":true,"href":"https:\/\/vicosalta.com.ar\/index.php?rest_route=%2Fwp%2Fv2%2Fproduct_brand&post=117345"},{"taxonomy":"product_cat","embeddable":true,"href":"https:\/\/vicosalta.com.ar\/index.php?rest_route=%2Fwp%2Fv2%2Fproduct_cat&post=117345"},{"taxonomy":"product_tag","embeddable":true,"href":"https:\/\/vicosalta.com.ar\/index.php?rest_route=%2Fwp%2Fv2%2Fproduct_tag&post=117345"}],"curies":[{"name":"wp","href":"https:\/\/api.w.org\/{rel}","templated":true}]}}