{"id":115738,"date":"2025-08-19T19:55:01","date_gmt":"2025-08-19T22:55:01","guid":{"rendered":"https:\/\/vicosalta.com.ar\/?post_type=product&#038;p=115738"},"modified":"2025-12-05T21:40:20","modified_gmt":"2025-12-06T00:40:20","slug":"kit-de-reglas-para-curvas","status":"publish","type":"product","link":"https:\/\/vicosalta.com.ar\/?product=kit-de-reglas-para-curvas","title":{"rendered":"KIT DE REGLAS PARA CURVAS"},"content":{"rendered":"","protected":false},"excerpt":{"rendered":"<p><strong>Kit de Reglas para Curvas \u2013 Patchwork \/ Marroquiner\u00eda (MDF 5 mm)<\/strong>: pensado para trazar curvas precisas en corte y dise\u00f1o. Incluye 2 reglas de MDF de 5 mm: 14\u00d714 cm con radios de 2, 3, 4 y 5 cm; y 16\u00d716 cm con radios de 6, 7, 8 cm m\u00e1s \u00e1ngulo recto de 90\u00b0. <em>Marcaciones inteligentes<\/em>: en cada curva se indican el <strong>radio<\/strong> y la <strong>longitud<\/strong> para un trazado r\u00e1pido y exacto. Perforaciones para carpeta A4 (2 anillos) o para colgarlas\/atarlas y mantener el set junto. Material r\u00edgido y durable, f\u00e1cil de usar, transportar y almacenar: precisi\u00f3n, rapidez y consistencia en el trazado de curvas.<\/p>\n","protected":false},"featured_media":115734,"comment_status":"open","ping_status":"closed","template":"","meta":[],"product_brand":[],"product_cat":[5189],"product_tag":[5007],"class_list":{"0":"post-115738","1":"product","2":"type-product","3":"status-publish","4":"has-post-thumbnail","6":"product_cat-reglas-accesorios","7":"product_tag-ingresos","9":"first","10":"instock","11":"shipping-taxable","12":"purchasable","13":"product-type-variable"},"_links":{"self":[{"href":"https:\/\/vicosalta.com.ar\/index.php?rest_route=\/wp\/v2\/product\/115738","targetHints":{"allow":["GET"]}}],"collection":[{"href":"https:\/\/vicosalta.com.ar\/index.php?rest_route=\/wp\/v2\/product"}],"about":[{"href":"https:\/\/vicosalta.com.ar\/index.php?rest_route=\/wp\/v2\/types\/product"}],"replies":[{"embeddable":true,"href":"https:\/\/vicosalta.com.ar\/index.php?rest_route=%2Fwp%2Fv2%2Fcomments&post=115738"}],"version-history":[{"count":2,"href":"https:\/\/vicosalta.com.ar\/index.php?rest_route=\/wp\/v2\/product\/115738\/revisions"}],"predecessor-version":[{"id":115742,"href":"https:\/\/vicosalta.com.ar\/index.php?rest_route=\/wp\/v2\/product\/115738\/revisions\/115742"}],"wp:featuredmedia":[{"embeddable":true,"href":"https:\/\/vicosalta.com.ar\/index.php?rest_route=\/wp\/v2\/media\/115734"}],"wp:attachment":[{"href":"https:\/\/vicosalta.com.ar\/index.php?rest_route=%2Fwp%2Fv2%2Fmedia&parent=115738"}],"wp:term":[{"taxonomy":"product_brand","embeddable":true,"href":"https:\/\/vicosalta.com.ar\/index.php?rest_route=%2Fwp%2Fv2%2Fproduct_brand&post=115738"},{"taxonomy":"product_cat","embeddable":true,"href":"https:\/\/vicosalta.com.ar\/index.php?rest_route=%2Fwp%2Fv2%2Fproduct_cat&post=115738"},{"taxonomy":"product_tag","embeddable":true,"href":"https:\/\/vicosalta.com.ar\/index.php?rest_route=%2Fwp%2Fv2%2Fproduct_tag&post=115738"}],"curies":[{"name":"wp","href":"https:\/\/api.w.org\/{rel}","templated":true}]}}