{"id":115576,"date":"2025-08-18T10:02:18","date_gmt":"2025-08-18T13:02:18","guid":{"rendered":"https:\/\/vicosalta.com.ar\/?post_type=product&#038;p=115576"},"modified":"2025-12-01T12:58:06","modified_gmt":"2025-12-01T15:58:06","slug":"hilo-de-bordar-vm-4000mts","status":"publish","type":"product","link":"https:\/\/vicosalta.com.ar\/?product=hilo-de-bordar-vm-4000mts","title":{"rendered":"HILO DE BORDAR VM 4000MTS"},"content":{"rendered":"<p>El hilo VM para bordado es un hilo de poli\u00e9ster de alta calidad desarrollado para brindar un acabado brillante y resistente en bordados industriales y artesanales. Su torsi\u00f3n equilibrada asegura un deslizamiento suave en m\u00e1quinas de bordar de alta velocidad, evitando cortes y enredos.<\/p>\n<p data-start=\"443\" data-end=\"465\"><strong data-start=\"443\" data-end=\"463\">Caracter\u00edsticas:<\/strong><\/p>\n<ul data-start=\"466\" data-end=\"708\">\n<li data-start=\"466\" data-end=\"517\">\n<p data-start=\"468\" data-end=\"517\"><strong data-start=\"468\" data-end=\"481\">Material:<\/strong> Poli\u00e9ster de alto brillo<\/p>\n<\/li>\n<li data-start=\"518\" data-end=\"559\">\n<p data-start=\"520\" data-end=\"559\"><strong data-start=\"520\" data-end=\"537\">Presentaci\u00f3n:<\/strong> Cono de 4000 metros<\/p>\n<\/li>\n<li data-start=\"560\" data-end=\"639\">\n<p data-start=\"562\" data-end=\"639\"><strong data-start=\"562\" data-end=\"577\">Aplicaci\u00f3n:<\/strong> Exclusivo para m\u00e1quinas de bordar industriales y familiares<\/p>\n<\/li>\n<li data-start=\"640\" data-end=\"708\">\n<p data-start=\"642\" data-end=\"708\"><strong data-start=\"642\" data-end=\"658\">Propiedades:<\/strong> Resistente a la fricci\u00f3n, lavado y decoloraci\u00f3n<\/p>\n<\/li>\n<\/ul>\n<p data-start=\"710\" data-end=\"733\"><strong data-start=\"710\" data-end=\"731\">Usos principales:<\/strong><\/p>\n<ul data-start=\"734\" data-end=\"1035\">\n<li data-start=\"734\" data-end=\"826\">\n<p data-start=\"736\" data-end=\"826\">Bordados decorativos en prendas de vestir (camisas, remeras, uniformes, ropa deportiva).<\/p>\n<\/li>\n<li data-start=\"827\" data-end=\"903\">\n<p data-start=\"829\" data-end=\"903\">Personalizaci\u00f3n de indumentaria y accesorios (gorras, mochilas, bolsos).<\/p>\n<\/li>\n<li data-start=\"904\" data-end=\"964\">\n<p data-start=\"906\" data-end=\"964\">Producci\u00f3n textil de logos, iniciales y dise\u00f1os a color.<\/p>\n<\/li>\n<li data-start=\"965\" data-end=\"1035\">\n<p data-start=\"967\" data-end=\"1035\">Trabajos artesanales de bordado a m\u00e1quina con acabado profesional.<\/p>\n<\/li>\n<\/ul>\n","protected":false},"excerpt":{"rendered":"<p>El hilo VM para bordado es un hilo de poli\u00e9ster de alta calidad desarrollado para brindar un acabado brillante y resistente en bordados industriales y artesanales. Su torsi\u00f3n equilibrada asegura un deslizamiento suave en m\u00e1quinas de bordar de alta velocidad, evitando cortes y enredos. Caracter\u00edsticas: Material: Poli\u00e9ster de alto brillo Presentaci\u00f3n: Cono de 4000 metros [&hellip;]<\/p>\n","protected":false},"featured_media":115187,"comment_status":"open","ping_status":"closed","template":"","meta":[],"product_brand":[],"product_cat":[4542],"product_tag":[],"class_list":{"0":"post-115576","1":"product","2":"type-product","3":"status-publish","4":"has-post-thumbnail","6":"product_cat-vahe","8":"first","9":"instock","10":"shipping-taxable","11":"purchasable","12":"product-type-variable"},"_links":{"self":[{"href":"https:\/\/vicosalta.com.ar\/index.php?rest_route=\/wp\/v2\/product\/115576","targetHints":{"allow":["GET"]}}],"collection":[{"href":"https:\/\/vicosalta.com.ar\/index.php?rest_route=\/wp\/v2\/product"}],"about":[{"href":"https:\/\/vicosalta.com.ar\/index.php?rest_route=\/wp\/v2\/types\/product"}],"replies":[{"embeddable":true,"href":"https:\/\/vicosalta.com.ar\/index.php?rest_route=%2Fwp%2Fv2%2Fcomments&post=115576"}],"version-history":[{"count":4,"href":"https:\/\/vicosalta.com.ar\/index.php?rest_route=\/wp\/v2\/product\/115576\/revisions"}],"predecessor-version":[{"id":119746,"href":"https:\/\/vicosalta.com.ar\/index.php?rest_route=\/wp\/v2\/product\/115576\/revisions\/119746"}],"wp:featuredmedia":[{"embeddable":true,"href":"https:\/\/vicosalta.com.ar\/index.php?rest_route=\/wp\/v2\/media\/115187"}],"wp:attachment":[{"href":"https:\/\/vicosalta.com.ar\/index.php?rest_route=%2Fwp%2Fv2%2Fmedia&parent=115576"}],"wp:term":[{"taxonomy":"product_brand","embeddable":true,"href":"https:\/\/vicosalta.com.ar\/index.php?rest_route=%2Fwp%2Fv2%2Fproduct_brand&post=115576"},{"taxonomy":"product_cat","embeddable":true,"href":"https:\/\/vicosalta.com.ar\/index.php?rest_route=%2Fwp%2Fv2%2Fproduct_cat&post=115576"},{"taxonomy":"product_tag","embeddable":true,"href":"https:\/\/vicosalta.com.ar\/index.php?rest_route=%2Fwp%2Fv2%2Fproduct_tag&post=115576"}],"curies":[{"name":"wp","href":"https:\/\/api.w.org\/{rel}","templated":true}]}}