{"id":113604,"date":"2025-07-11T14:28:29","date_gmt":"2025-07-11T17:28:29","guid":{"rendered":"https:\/\/vicosalta.com.ar\/?product=tijera-electrica-inalambrica-recargable-wd-1-master"},"modified":"2026-05-11T18:17:47","modified_gmt":"2026-05-11T21:17:47","slug":"tijera-electrica-inalambrica-recargable-wd-1-master","status":"publish","type":"product","link":"https:\/\/vicosalta.com.ar\/?product=tijera-electrica-inalambrica-recargable-wd-1-master","title":{"rendered":"TIJERA ELECTRICA INALAMBRICA RECARGABLE &#8211; WD-1 MASTER"},"content":{"rendered":"<p data-start=\"92\" data-end=\"251\"><strong data-start=\"92\" data-end=\"170\">\u00a1Llegaron las tijeras el\u00e9ctricas inal\u00e1mbricas que todos estaban esperando!<\/strong><br data-start=\"170\" data-end=\"173\" \/>Ideales para cortes precisos y sin esfuerzo en tela, cordura, cuerinas y otros materiales.<\/p>\n<p data-start=\"253\" data-end=\"267\"><strong data-start=\"253\" data-end=\"265\">Incluye:<\/strong><\/p>\n<ul data-start=\"268\" data-end=\"336\">\n<li data-start=\"268\" data-end=\"294\">\n<p data-start=\"270\" data-end=\"294\">2 bater\u00edas recargables<\/p>\n<\/li>\n<li data-start=\"295\" data-end=\"309\">\n<p data-start=\"297\" data-end=\"309\">1 cargador para la bateria<\/p>\n<\/li>\n<li data-start=\"310\" data-end=\"336\">\n<p data-start=\"312\" data-end=\"336\">1 repuesto de cuchilla<\/p>\n<\/li>\n<\/ul>\n<p><em>Precio publicado promocional, exclusivo abonando en efectivo, transferencia o tarjeta de d\u00e9bito. Consulte por cotizaci\u00f3n con tarjetas de cr\u00e9dito.<\/em><\/p>\n","protected":false},"excerpt":{"rendered":"<p>\u00a1Llegaron las tijeras el\u00e9ctricas inal\u00e1mbricas que todos estaban esperando!Ideales para cortes precisos y sin esfuerzo en tela, cordura, cuerinas y otros materiales. Incluye: 2 bater\u00edas recargables 1 cargador para la bateria 1 repuesto de cuchilla Precio publicado promocional, exclusivo abonando en efectivo, transferencia o tarjeta de d\u00e9bito. Consulte por cotizaci\u00f3n con tarjetas de cr\u00e9dito.<\/p>\n","protected":false},"featured_media":113637,"comment_status":"open","ping_status":"closed","template":"","meta":[],"product_brand":[],"product_cat":[4744],"product_tag":[5007,5242],"class_list":{"0":"post-113604","1":"product","2":"type-product","3":"status-publish","4":"has-post-thumbnail","6":"product_cat-master-maq-cortadora-de-telas","7":"product_tag-ingresos","8":"product_tag-master","10":"first","11":"instock","12":"sale","13":"shipping-taxable","14":"purchasable","15":"product-type-simple"},"_links":{"self":[{"href":"https:\/\/vicosalta.com.ar\/index.php?rest_route=\/wp\/v2\/product\/113604","targetHints":{"allow":["GET"]}}],"collection":[{"href":"https:\/\/vicosalta.com.ar\/index.php?rest_route=\/wp\/v2\/product"}],"about":[{"href":"https:\/\/vicosalta.com.ar\/index.php?rest_route=\/wp\/v2\/types\/product"}],"replies":[{"embeddable":true,"href":"https:\/\/vicosalta.com.ar\/index.php?rest_route=%2Fwp%2Fv2%2Fcomments&post=113604"}],"version-history":[{"count":6,"href":"https:\/\/vicosalta.com.ar\/index.php?rest_route=\/wp\/v2\/product\/113604\/revisions"}],"predecessor-version":[{"id":129130,"href":"https:\/\/vicosalta.com.ar\/index.php?rest_route=\/wp\/v2\/product\/113604\/revisions\/129130"}],"wp:featuredmedia":[{"embeddable":true,"href":"https:\/\/vicosalta.com.ar\/index.php?rest_route=\/wp\/v2\/media\/113637"}],"wp:attachment":[{"href":"https:\/\/vicosalta.com.ar\/index.php?rest_route=%2Fwp%2Fv2%2Fmedia&parent=113604"}],"wp:term":[{"taxonomy":"product_brand","embeddable":true,"href":"https:\/\/vicosalta.com.ar\/index.php?rest_route=%2Fwp%2Fv2%2Fproduct_brand&post=113604"},{"taxonomy":"product_cat","embeddable":true,"href":"https:\/\/vicosalta.com.ar\/index.php?rest_route=%2Fwp%2Fv2%2Fproduct_cat&post=113604"},{"taxonomy":"product_tag","embeddable":true,"href":"https:\/\/vicosalta.com.ar\/index.php?rest_route=%2Fwp%2Fv2%2Fproduct_tag&post=113604"}],"curies":[{"name":"wp","href":"https:\/\/api.w.org\/{rel}","templated":true}]}}