{"id":112132,"date":"2025-06-14T11:09:32","date_gmt":"2025-06-14T14:09:32","guid":{"rendered":"https:\/\/vicosalta.com.ar\/?post_type=product&#038;p=112132"},"modified":"2025-12-05T21:40:38","modified_gmt":"2025-12-06T00:40:38","slug":"lion-melange","status":"publish","type":"product","link":"https:\/\/vicosalta.com.ar\/?product=lion-melange","title":{"rendered":"LION MELANGE"},"content":{"rendered":"<p>El precio que estas viendo es precio mayorista! Antes lo conseguias llevando 5 metros como minimo, ahora esta tela se encuentra en liquidacion y podes acceder a este precio desde 1 metro!<br \/>\nPROMOCION VALIDA HASTA AGOTAR STOCK O SUFRIR MODIFACIONES DE PRECIO.<\/p>\n","protected":false},"excerpt":{"rendered":"<p>Atenci\u00f3n: esta tela pas\u00f3 a liquidaci\u00f3n y qued\u00f3 a precio mayorista.<br \/>\nEl valor que antes consegu\u00edas \u00fanicamente llevando 5 metros, ahora lo obten\u00e9s llevando 1 metro.<br \/>\nPor tiempo limitado, est\u00e1s comprando este art\u00edculo a mayorista!<\/p>\n","protected":false},"featured_media":111993,"comment_status":"open","ping_status":"closed","template":"","meta":[],"product_brand":[],"product_cat":[5138],"product_tag":[5200],"class_list":{"0":"post-112132","1":"product","2":"type-product","3":"status-publish","4":"has-post-thumbnail","6":"product_cat-tapiceria","7":"product_tag-liquidacion","9":"first","10":"instock","11":"sale","12":"shipping-taxable","13":"purchasable","14":"product-type-variable"},"_links":{"self":[{"href":"https:\/\/vicosalta.com.ar\/index.php?rest_route=\/wp\/v2\/product\/112132","targetHints":{"allow":["GET"]}}],"collection":[{"href":"https:\/\/vicosalta.com.ar\/index.php?rest_route=\/wp\/v2\/product"}],"about":[{"href":"https:\/\/vicosalta.com.ar\/index.php?rest_route=\/wp\/v2\/types\/product"}],"replies":[{"embeddable":true,"href":"https:\/\/vicosalta.com.ar\/index.php?rest_route=%2Fwp%2Fv2%2Fcomments&post=112132"}],"version-history":[{"count":2,"href":"https:\/\/vicosalta.com.ar\/index.php?rest_route=\/wp\/v2\/product\/112132\/revisions"}],"predecessor-version":[{"id":124511,"href":"https:\/\/vicosalta.com.ar\/index.php?rest_route=\/wp\/v2\/product\/112132\/revisions\/124511"}],"wp:featuredmedia":[{"embeddable":true,"href":"https:\/\/vicosalta.com.ar\/index.php?rest_route=\/wp\/v2\/media\/111993"}],"wp:attachment":[{"href":"https:\/\/vicosalta.com.ar\/index.php?rest_route=%2Fwp%2Fv2%2Fmedia&parent=112132"}],"wp:term":[{"taxonomy":"product_brand","embeddable":true,"href":"https:\/\/vicosalta.com.ar\/index.php?rest_route=%2Fwp%2Fv2%2Fproduct_brand&post=112132"},{"taxonomy":"product_cat","embeddable":true,"href":"https:\/\/vicosalta.com.ar\/index.php?rest_route=%2Fwp%2Fv2%2Fproduct_cat&post=112132"},{"taxonomy":"product_tag","embeddable":true,"href":"https:\/\/vicosalta.com.ar\/index.php?rest_route=%2Fwp%2Fv2%2Fproduct_tag&post=112132"}],"curies":[{"name":"wp","href":"https:\/\/api.w.org\/{rel}","templated":true}]}}