{"id":106432,"date":"2025-05-10T12:20:41","date_gmt":"2025-05-10T15:20:41","guid":{"rendered":"https:\/\/vicosalta.com.ar\/?post_type=product&#038;p=106432"},"modified":"2025-09-30T14:20:09","modified_gmt":"2025-09-30T17:20:09","slug":"gabardina-acrilica-impermeable-09","status":"publish","type":"product","link":"https:\/\/vicosalta.com.ar\/?product=gabardina-acrilica-impermeable-09","title":{"rendered":"GABARDINA ACRILICA IMPERMEABLE &#8211; 09"},"content":{"rendered":"<p>La gabardina acr\u00edlica es perfecta para quienes buscan una tela resistente, con buena ca\u00edda y f\u00e1cil de limpiar.<br \/>\nGracias a su acabado impermeable, es ideal para hacer manteles, fundas de sillas, bolsos o cualquier producto que necesite durar y verse bien.<\/p>\n<p>\ud83d\udccc Usos comunes y atractivos de la gabardina acr\u00edlica:<\/p>\n<p>\ud83c\udfe1 Manteles impermeables para comedor o cocina<br \/>\n\ud83c\udf1e Caminos de mesa o individuales decorativos para exteriores o quinchos<br \/>\n\ud83e\ude91 Fundas de sillas o almohadones para jard\u00edn<br \/>\n\ud83d\udc5c Bolsos y organizadores con buena estructura y resistencia<br \/>\n\ud83e\uddf5 Decoraci\u00f3n de ferias o stands: liviana, elegante y lavable<\/p>\n","protected":false},"excerpt":{"rendered":"<p>La gabardina acr\u00edlica es perfecta para quienes buscan una tela resistente, con buena ca\u00edda y f\u00e1cil de limpiar. Gracias a su acabado impermeable, es ideal para hacer manteles, fundas de sillas, bolsos o cualquier producto que necesite durar y verse bien. \ud83d\udccc Usos comunes y atractivos de la gabardina acr\u00edlica: \ud83c\udfe1 Manteles impermeables para comedor [&hellip;]<\/p>\n","protected":false},"featured_media":106377,"comment_status":"open","ping_status":"closed","template":"","meta":[],"product_brand":[],"product_cat":[5121],"product_tag":[],"class_list":{"0":"post-106432","1":"product","2":"type-product","3":"status-publish","4":"has-post-thumbnail","6":"product_cat-gabardina-acrilica","8":"first","9":"instock","10":"shipping-taxable","11":"purchasable","12":"product-type-variable"},"_links":{"self":[{"href":"https:\/\/vicosalta.com.ar\/index.php?rest_route=\/wp\/v2\/product\/106432","targetHints":{"allow":["GET"]}}],"collection":[{"href":"https:\/\/vicosalta.com.ar\/index.php?rest_route=\/wp\/v2\/product"}],"about":[{"href":"https:\/\/vicosalta.com.ar\/index.php?rest_route=\/wp\/v2\/types\/product"}],"replies":[{"embeddable":true,"href":"https:\/\/vicosalta.com.ar\/index.php?rest_route=%2Fwp%2Fv2%2Fcomments&post=106432"}],"version-history":[{"count":1,"href":"https:\/\/vicosalta.com.ar\/index.php?rest_route=\/wp\/v2\/product\/106432\/revisions"}],"predecessor-version":[{"id":106441,"href":"https:\/\/vicosalta.com.ar\/index.php?rest_route=\/wp\/v2\/product\/106432\/revisions\/106441"}],"wp:featuredmedia":[{"embeddable":true,"href":"https:\/\/vicosalta.com.ar\/index.php?rest_route=\/wp\/v2\/media\/106377"}],"wp:attachment":[{"href":"https:\/\/vicosalta.com.ar\/index.php?rest_route=%2Fwp%2Fv2%2Fmedia&parent=106432"}],"wp:term":[{"taxonomy":"product_brand","embeddable":true,"href":"https:\/\/vicosalta.com.ar\/index.php?rest_route=%2Fwp%2Fv2%2Fproduct_brand&post=106432"},{"taxonomy":"product_cat","embeddable":true,"href":"https:\/\/vicosalta.com.ar\/index.php?rest_route=%2Fwp%2Fv2%2Fproduct_cat&post=106432"},{"taxonomy":"product_tag","embeddable":true,"href":"https:\/\/vicosalta.com.ar\/index.php?rest_route=%2Fwp%2Fv2%2Fproduct_tag&post=106432"}],"curies":[{"name":"wp","href":"https:\/\/api.w.org\/{rel}","templated":true}]}}