{"id":104797,"date":"2025-04-19T11:40:08","date_gmt":"2025-04-19T14:40:08","guid":{"rendered":"https:\/\/vicosalta.com.ar\/?post_type=product&#038;p=104797"},"modified":"2026-03-19T10:55:55","modified_gmt":"2026-03-19T13:55:55","slug":"broche-doble-aro","status":"publish","type":"product","link":"https:\/\/vicosalta.com.ar\/?product=broche-doble-aro","title":{"rendered":"BROCHE DOBLE ARO"},"content":{"rendered":"<p>\ud83d\udd18 Broche Doble Aro<br \/>\nBroche met\u00e1lico compuesto por dos aros que se encastran. Es resistente y se usa cuando se requiere una sujeci\u00f3n firme pero f\u00e1cil de abrir y cerrar.<br \/>\nEjemplo: Ideal para mochilas, fundas o art\u00edculos deportivos.<\/p>\n","protected":false},"excerpt":{"rendered":"<p>\ud83d\udd18 Broche Doble Aro Broche met\u00e1lico compuesto por dos aros que se encastran. Es resistente y se usa cuando se requiere una sujeci\u00f3n firme pero f\u00e1cil de abrir y cerrar. Ejemplo: Ideal para mochilas, fundas o art\u00edculos deportivos.<\/p>\n","protected":false},"featured_media":104793,"comment_status":"open","ping_status":"closed","template":"","meta":[],"product_brand":[],"product_cat":[4547],"product_tag":[],"class_list":{"0":"post-104797","1":"product","2":"type-product","3":"status-publish","4":"has-post-thumbnail","6":"product_cat-accesorios-de-costura","8":"first","9":"instock","10":"shipping-taxable","11":"purchasable","12":"product-type-variable","13":"has-default-attributes"},"_links":{"self":[{"href":"https:\/\/vicosalta.com.ar\/index.php?rest_route=\/wp\/v2\/product\/104797","targetHints":{"allow":["GET"]}}],"collection":[{"href":"https:\/\/vicosalta.com.ar\/index.php?rest_route=\/wp\/v2\/product"}],"about":[{"href":"https:\/\/vicosalta.com.ar\/index.php?rest_route=\/wp\/v2\/types\/product"}],"replies":[{"embeddable":true,"href":"https:\/\/vicosalta.com.ar\/index.php?rest_route=%2Fwp%2Fv2%2Fcomments&post=104797"}],"version-history":[{"count":1,"href":"https:\/\/vicosalta.com.ar\/index.php?rest_route=\/wp\/v2\/product\/104797\/revisions"}],"predecessor-version":[{"id":104800,"href":"https:\/\/vicosalta.com.ar\/index.php?rest_route=\/wp\/v2\/product\/104797\/revisions\/104800"}],"wp:featuredmedia":[{"embeddable":true,"href":"https:\/\/vicosalta.com.ar\/index.php?rest_route=\/wp\/v2\/media\/104793"}],"wp:attachment":[{"href":"https:\/\/vicosalta.com.ar\/index.php?rest_route=%2Fwp%2Fv2%2Fmedia&parent=104797"}],"wp:term":[{"taxonomy":"product_brand","embeddable":true,"href":"https:\/\/vicosalta.com.ar\/index.php?rest_route=%2Fwp%2Fv2%2Fproduct_brand&post=104797"},{"taxonomy":"product_cat","embeddable":true,"href":"https:\/\/vicosalta.com.ar\/index.php?rest_route=%2Fwp%2Fv2%2Fproduct_cat&post=104797"},{"taxonomy":"product_tag","embeddable":true,"href":"https:\/\/vicosalta.com.ar\/index.php?rest_route=%2Fwp%2Fv2%2Fproduct_tag&post=104797"}],"curies":[{"name":"wp","href":"https:\/\/api.w.org\/{rel}","templated":true}]}}