{"id":101960,"date":"2025-04-07T09:36:47","date_gmt":"2025-04-07T12:36:47","guid":{"rendered":"https:\/\/vicosalta.com.ar\/?product=brother-bp-3700"},"modified":"2026-03-26T14:28:53","modified_gmt":"2026-03-26T17:28:53","slug":"brother-bp-3700","status":"publish","type":"product","link":"https:\/\/vicosalta.com.ar\/?product=brother-bp-3700","title":{"rendered":"BROTHER BP 3700"},"content":{"rendered":"<h3 class=\"m-b-10\"><strong>Caracter\u00edsticas Principales<\/strong><\/h3>\n<ul>\n<li><b>Aplicaci\u00f3n Artspira<\/b>\u00a0\u00a1Deja fluir tu imaginaci\u00f3n! Con la aplicaci\u00f3n Artspira, puedes dibujar tus proyectos y cargarlos en tu m\u00e1quina o explorar la aplicaci\u00f3n en busca de nuevos proyectos y tutoriales.<\/li>\n<li><b>Mucho espacio para crear<\/b>\u00a0Con una superficie de trabajo de 24 x 36 cm y un brazo espacioso de 28,6 cm, no tendr\u00e1s problemas para acomodar incluso algunos de tus proyectos m\u00e1s grandes.<\/li>\n<li><b>Funci\u00f3n de posicionamiento de bordado de 2 puntos con puntero LED<\/b>\u00a0Esta herramienta integrada ofrece un posicionamiento preciso para mostrar d\u00f3nde comenzar\u00e1 y terminar\u00e1 tu proyecto.<\/li>\n<li><b>Efecto 3D y copia de matriz<\/b>\u00a0Borda letras con lana para crear un efecto 3D \u00fanico usando el pie de bordado couching. Con la funci\u00f3n de copia de matriz, puedes agregar varias copias del mismo dise\u00f1o a tu proyecto para crear patrones \u00fanicos.<\/li>\n<li><b>Amplia biblioteca de dise\u00f1os<\/b>\u00a0Accede a una variedad de dise\u00f1os incorporados. Con 788 dise\u00f1os incorporados, 27 fuentes de letras, 140 tipos de marcos, las opciones son infinitas.<\/li>\n<\/ul>\n","protected":false},"excerpt":{"rendered":"<p>Caracter\u00edsticas Principales Aplicaci\u00f3n Artspira\u00a0\u00a1Deja fluir tu imaginaci\u00f3n! Con la aplicaci\u00f3n Artspira, puedes dibujar tus proyectos y cargarlos en tu m\u00e1quina o explorar la aplicaci\u00f3n en busca de nuevos proyectos y tutoriales. Mucho espacio para crear\u00a0Con una superficie de trabajo de 24 x 36 cm y un brazo espacioso de 28,6 cm, no tendr\u00e1s problemas para [&hellip;]<\/p>\n","protected":false},"featured_media":101958,"comment_status":"open","ping_status":"closed","template":"","meta":[],"product_brand":[],"product_cat":[4589],"product_tag":[],"class_list":{"0":"post-101960","1":"product","2":"type-product","3":"status-publish","4":"has-post-thumbnail","6":"product_cat-brother-maq-fam-bordar","8":"first","9":"instock","10":"shipping-taxable","11":"purchasable","12":"product-type-simple"},"_links":{"self":[{"href":"https:\/\/vicosalta.com.ar\/index.php?rest_route=\/wp\/v2\/product\/101960","targetHints":{"allow":["GET"]}}],"collection":[{"href":"https:\/\/vicosalta.com.ar\/index.php?rest_route=\/wp\/v2\/product"}],"about":[{"href":"https:\/\/vicosalta.com.ar\/index.php?rest_route=\/wp\/v2\/types\/product"}],"replies":[{"embeddable":true,"href":"https:\/\/vicosalta.com.ar\/index.php?rest_route=%2Fwp%2Fv2%2Fcomments&post=101960"}],"version-history":[{"count":5,"href":"https:\/\/vicosalta.com.ar\/index.php?rest_route=\/wp\/v2\/product\/101960\/revisions"}],"predecessor-version":[{"id":126752,"href":"https:\/\/vicosalta.com.ar\/index.php?rest_route=\/wp\/v2\/product\/101960\/revisions\/126752"}],"wp:featuredmedia":[{"embeddable":true,"href":"https:\/\/vicosalta.com.ar\/index.php?rest_route=\/wp\/v2\/media\/101958"}],"wp:attachment":[{"href":"https:\/\/vicosalta.com.ar\/index.php?rest_route=%2Fwp%2Fv2%2Fmedia&parent=101960"}],"wp:term":[{"taxonomy":"product_brand","embeddable":true,"href":"https:\/\/vicosalta.com.ar\/index.php?rest_route=%2Fwp%2Fv2%2Fproduct_brand&post=101960"},{"taxonomy":"product_cat","embeddable":true,"href":"https:\/\/vicosalta.com.ar\/index.php?rest_route=%2Fwp%2Fv2%2Fproduct_cat&post=101960"},{"taxonomy":"product_tag","embeddable":true,"href":"https:\/\/vicosalta.com.ar\/index.php?rest_route=%2Fwp%2Fv2%2Fproduct_tag&post=101960"}],"curies":[{"name":"wp","href":"https:\/\/api.w.org\/{rel}","templated":true}]}}